{"id":762339,"date":"2017-04-13T13:21:20","date_gmt":"2017-04-13T13:21:20","guid":{"rendered":"http:\/\/www.morzine-immo.com\/?page_id=762339\/"},"modified":"2017-11-10T10:50:19","modified_gmt":"2017-11-10T10:50:19","slug":"nos-honoraires","status":"publish","type":"page","link":"https:\/\/morzine-immo.com\/fr\/nos-honoraires\/","title":{"rendered":"Nos Honoraires"},"content":{"rendered":"<h2>Honoraires de Transaction Ventes<\/h2>\n\n<table id=\"tablepress-9\" class=\"tablepress tablepress-id-9\">\n<thead>\n<tr class=\"row-1\">\n\t<th class=\"column-1\">Prix de vente<\/th><th class=\"column-2\">HONORAIRES TTC*<br \/>\n(TVA au taux en vigueur de 20% incluse)<br \/>\n*\u00e0 la charge du vendeur<\/th>\n<\/tr>\n<\/thead>\n<tbody class=\"row-striping\">\n<tr class=\"row-2\">\n\t<td class=\"column-1\">De 0 \u20ac \u00e0 150\u00a0000 \u20ac<\/td><td class=\"column-2\">7 %<\/td>\n<\/tr>\n<tr class=\"row-3\">\n\t<td class=\"column-1\">150\u00a0000 \u20ac \u00e0 600\u00a0000 \u20ac<\/td><td class=\"column-2\">6 %<\/td>\n<\/tr>\n<tr class=\"row-4\">\n\t<td class=\"column-1\">600\u00a0000 \u20ac +<\/td><td class=\"column-2\">5 %<\/td>\n<\/tr>\n<\/tbody>\n<\/table>\n<!-- #tablepress-9 from cache -->\n<p>&nbsp;<\/p>\n<p>210 Route de La Plagne &#8211; 74110 MORZINE<br \/>\nSIREN\u00a0: 504 372 038 RCS Thonon &#8211; N\u00b0 TVA FR 31504372038<br \/>\nCarte professionnelle CPI 7401 2016 000\u00a0015 172 d\u00e9livr\u00e9e par la CCI de la Haute-Savoie<\/p>\n<p>Garantie par la caisse de Garantie de l\u2019immobilier FNAIM<br \/>\nN\u00b0 de soci\u00e9taire 408 27 \u2013 Montant de la garantie 760 000 euros<br \/>\nMembre d\u2019une association agr\u00e9\u00e9e, le r\u00e8glement des sommes dues par ch\u00e8que est accept\u00e9<\/p>\n","protected":false},"excerpt":{"rendered":"Honoraires de Transaction Ventes &nbsp; 210 Route de La Plagne &#8211; 74110 MORZINE SIREN\u00a0: 504 372 038 RCS Thonon &#8211; N\u00b0 TVA FR 31504372038 Carte professionnelle CPI 7401 2016 000\u00a0015 172 d\u00e9livr\u00e9e par la CCI de la Haute-Savoie Garantie par la caisse de Garantie de l\u2019immobilier FNAIM N\u00b0 de soci\u00e9taire 408 27 \u2013 Montant de&#8230;","protected":false},"author":3,"featured_media":0,"parent":0,"menu_order":0,"comment_status":"closed","ping_status":"closed","template":"","meta":{"_acf_changed":false,"footnotes":""},"class_list":["post-762339","page","type-page","status-publish","hentry"],"acf":[],"_links":{"self":[{"href":"https:\/\/morzine-immo.com\/fr\/wp-json\/wp\/v2\/pages\/762339","targetHints":{"allow":["GET"]}}],"collection":[{"href":"https:\/\/morzine-immo.com\/fr\/wp-json\/wp\/v2\/pages"}],"about":[{"href":"https:\/\/morzine-immo.com\/fr\/wp-json\/wp\/v2\/types\/page"}],"author":[{"embeddable":true,"href":"https:\/\/morzine-immo.com\/fr\/wp-json\/wp\/v2\/users\/3"}],"replies":[{"embeddable":true,"href":"https:\/\/morzine-immo.com\/fr\/wp-json\/wp\/v2\/comments?post=762339"}],"version-history":[{"count":0,"href":"https:\/\/morzine-immo.com\/fr\/wp-json\/wp\/v2\/pages\/762339\/revisions"}],"wp:attachment":[{"href":"https:\/\/morzine-immo.com\/fr\/wp-json\/wp\/v2\/media?parent=762339"}],"curies":[{"name":"wp","href":"https:\/\/api.w.org\/{rel}","templated":true}]}}