{"id":29379,"date":"2014-07-30T11:39:57","date_gmt":"2014-07-30T11:39:57","guid":{"rendered":"http:\/\/www.morzine-immo.com\/?page_id=29379"},"modified":"2016-07-25T14:21:17","modified_gmt":"2016-07-25T14:21:17","slug":"achat","status":"publish","type":"page","link":"https:\/\/morzine-immo.com\/fr\/achat\/","title":{"rendered":"achat"},"content":{"rendered":"<h1 class=\"entry-title\">Propri\u00e9t\u00e9s \u00e0 Vendre<\/h1>\n<p>[wpv-view name=\u00a0\u00bbBuying\u00a0\u00bb]<\/p>\n","protected":false},"excerpt":{"rendered":"Propri\u00e9t\u00e9s \u00e0 Vendre [wpv-view name=\u00a0\u00bbBuying\u00a0\u00bb]","protected":false},"author":7,"featured_media":0,"parent":0,"menu_order":0,"comment_status":"closed","ping_status":"closed","template":"page-sales.php","meta":{"_acf_changed":false,"footnotes":""},"class_list":["post-29379","page","type-page","status-publish","hentry"],"acf":[],"_links":{"self":[{"href":"https:\/\/morzine-immo.com\/fr\/wp-json\/wp\/v2\/pages\/29379","targetHints":{"allow":["GET"]}}],"collection":[{"href":"https:\/\/morzine-immo.com\/fr\/wp-json\/wp\/v2\/pages"}],"about":[{"href":"https:\/\/morzine-immo.com\/fr\/wp-json\/wp\/v2\/types\/page"}],"author":[{"embeddable":true,"href":"https:\/\/morzine-immo.com\/fr\/wp-json\/wp\/v2\/users\/7"}],"replies":[{"embeddable":true,"href":"https:\/\/morzine-immo.com\/fr\/wp-json\/wp\/v2\/comments?post=29379"}],"version-history":[{"count":0,"href":"https:\/\/morzine-immo.com\/fr\/wp-json\/wp\/v2\/pages\/29379\/revisions"}],"wp:attachment":[{"href":"https:\/\/morzine-immo.com\/fr\/wp-json\/wp\/v2\/media?parent=29379"}],"curies":[{"name":"wp","href":"https:\/\/api.w.org\/{rel}","templated":true}]}}