{"id":15820,"date":"2014-07-16T16:12:47","date_gmt":"2014-07-16T16:12:47","guid":{"rendered":"http:\/\/www.morzine-immo.com\/?page_id=15820"},"modified":"2016-07-25T14:21:19","modified_gmt":"2016-07-25T14:21:19","slug":"simulation-de-credit","status":"publish","type":"page","link":"https:\/\/morzine-immo.com\/fr\/simulation-de-credit\/","title":{"rendered":"Simulation de cr\u00e9dit"},"content":{"rendered":"<blockquote><p>Le simulateur de cr\u00e9dit\u00a0en bas de\u00a0cette page\u00a0vous fournit une id\u00e9e\u00a0de\u00a0ce que pourraient \u00eatre\u00a0vos conditions de remboursement.<\/p><\/blockquote>\n<p>Nous avons\u00a0un certain nombre de\u00a0relations \u00e9troites avec les\u00a0banques, \u00e0 la fois\u00a0nationales\u00a0et\u00a0locales,\u00a0o\u00f9 nous\u00a0pensons pouvoir\u00a0obtenir un taux de pr\u00eat\u00a0pr\u00e9f\u00e9rentiel pour vous.\u00a0Nous allons\u00e9galement vous conseiller sur\u00a0le type pr\u00eat et nous assurer que vous\u00a0b\u00e9n\u00e9ficiez de\u00a0la\u00a0flexibilit\u00e9 dont vous avez\u00a0besoin\u00a0pour l&rsquo;achat\u00a0de votre propri\u00e9t\u00e9.<\/p>\n<p>Tous les\u00a0produits\u00a0en France\u00a0sont g\u00e9n\u00e9ralement\u00a0des pr\u00eats de remboursement, qui\u00a0peuvent varier\u00a0en fonction du march\u00e9 immobilier.<\/p>\n<h2>Terme<\/h2>\n<p>Des dur\u00e9es de 15,\u00a020,\u00a025 ou 30\u00a0ans\u00a0sont possibles<\/p>\n<h2>Int\u00e9r\u00eat<\/h2>\n<p>1.Fix\u00e9\u00a0pour toute la p\u00e9riode<br \/>\n2.Fix\u00e9 pour\u00a0une p\u00e9riode initiale\u00a0puis\u00a0variable.\u00a0Avec ce dernier vous\u00a0pouvez opter pour une protection avec une augmentation maximale fix\u00e9e sur une p\u00e9riode donn\u00e9e. D&rsquo;autre part, si le tauxd&rsquo;int\u00e9r\u00eat vient \u00e0 chuter, alors vos remboursements diminuent.<\/p>\n<p>3.Taux Variable.<\/p>\n<p>Nous saurons vous conseiller\u00a0sur tous les\u00a0produits ci-dessus\u00a0et\u00a0d\u00e9tailler quels seraient les\u00a0remboursements\u00a0pour l\u2019acquisition de tel bien \u00e0 tel moment.<\/p>\n<p>Vous pourriez faire l&rsquo;achat d&rsquo;un bien\u00a0qui\u00a0n\u00e9cessite\u00a0des travaux\u00a0importants.\u00a0Dans ce cas,\u00a0il est possible de\u00a0structurer un cr\u00e9dit o\u00f9\u00a0la banque\u00a0pr\u00eatera\u00a0des fonds suppl\u00e9mentaires\u00a0pour\u00a0effectuer ces travaux.\u00a0Sur pr\u00e9sentation de factures \u00e0 l\u2019ach\u00e8vement des travaux, la banque les paiera directement.\u00a0De plus, au cours de\u00a0la p\u00e9riode\u00a0de r\u00e9novation, vous pouvez\u00a0n\u00e9gocier pour\u00a0payer\u00a0seulement les int\u00e9r\u00eats du pr\u00eat et\u00a0 pr\u00e9server\u00a0les remboursements\u00a0\u00e0 un faible niveau\u00a0jusqu&rsquo;\u00e0 l&rsquo;ach\u00e8vement\u00a0des travaux.<\/p>\n<p>Le\u00a0ratio d&rsquo;endettement\u00a0varie\u00a0selon\u00a0la situation\u00a0de chacun.\u00a0Cependant, les banques fran\u00e7aises\u00a0sont dispos\u00e9es \u00e0\u00a0pr\u00eater jusqu&rsquo;\u00e0\u00a075%\u00a0-80% dans certains cas.\u00a0Dans tous les\u00a0cas, vous\u00a0devrez\u00a0fournir la preuve de\u00a0vos pr\u00eats en cours\u00a0et\u00a0de vos revenus.<\/p>\n<p>Utilisez la simulation de cr\u00e9dit\u00a0ci-dessous afin d\u2019estimer le niveau de vos remboursements.\u00a0Si vous avez d\u00e9j\u00e0 une id\u00e9e d\u2019un montant de remboursement mensuel, alors vous pouvez utiliser la calculatrice de pr\u00eat.<\/p>\n<p>Nous\u00a0tenons \u00e0 souligner\u00a0qu&rsquo;il ne s&rsquo;agit que\u00a0d&rsquo;une simulation pour vous donner\u00a0une id\u00e9e approximative\u00a0des remboursements\u00a0\u00e0 un moment donn\u00e9.\u00a0Comme mentionn\u00e9\u00a0pr\u00e9c\u00e9demment, les situations de\u00a0chacun\u00a0sont diff\u00e9rentes et\u00a0les taux\u00a0peuvent\u00a0donc varier.<\/p>\n<p><strong>Si vous\u00a0souhaitez vous baser\u00a0sur\u00a0une\u00a0dur\u00e9e de 25 ans,\u00a0avec un\u00a0taux d&rsquo;int\u00e9r\u00eat\u00a0de 3,9%, vous obtiendrez une bonne estimation de votre potentiel d\u2019emprunt ou des conditions de remboursement.<\/strong><\/p>\n","protected":false},"excerpt":{"rendered":"Le simulateur de cr\u00e9dit\u00a0en bas de\u00a0cette page\u00a0vous fournit une id\u00e9e\u00a0de\u00a0ce que pourraient \u00eatre\u00a0vos conditions de remboursement. Nous avons\u00a0un certain nombre de\u00a0relations \u00e9troites avec les\u00a0banques, \u00e0 la fois\u00a0nationales\u00a0et\u00a0locales,\u00a0o\u00f9 nous\u00a0pensons pouvoir\u00a0obtenir un taux de pr\u00eat\u00a0pr\u00e9f\u00e9rentiel pour vous.\u00a0Nous allons\u00e9galement vous conseiller sur\u00a0le type pr\u00eat et nous assurer que vous\u00a0b\u00e9n\u00e9ficiez de\u00a0la\u00a0flexibilit\u00e9 dont vous avez\u00a0besoin\u00a0pour l&rsquo;achat\u00a0de votre propri\u00e9t\u00e9. Tous les\u00a0produits\u00a0en&#8230;","protected":false},"author":7,"featured_media":0,"parent":0,"menu_order":0,"comment_status":"closed","ping_status":"closed","template":"calculatemortgage.php","meta":{"_acf_changed":false,"footnotes":""},"class_list":["post-15820","page","type-page","status-publish","hentry"],"acf":[],"_links":{"self":[{"href":"https:\/\/morzine-immo.com\/fr\/wp-json\/wp\/v2\/pages\/15820","targetHints":{"allow":["GET"]}}],"collection":[{"href":"https:\/\/morzine-immo.com\/fr\/wp-json\/wp\/v2\/pages"}],"about":[{"href":"https:\/\/morzine-immo.com\/fr\/wp-json\/wp\/v2\/types\/page"}],"author":[{"embeddable":true,"href":"https:\/\/morzine-immo.com\/fr\/wp-json\/wp\/v2\/users\/7"}],"replies":[{"embeddable":true,"href":"https:\/\/morzine-immo.com\/fr\/wp-json\/wp\/v2\/comments?post=15820"}],"version-history":[{"count":0,"href":"https:\/\/morzine-immo.com\/fr\/wp-json\/wp\/v2\/pages\/15820\/revisions"}],"wp:attachment":[{"href":"https:\/\/morzine-immo.com\/fr\/wp-json\/wp\/v2\/media?parent=15820"}],"curies":[{"name":"wp","href":"https:\/\/api.w.org\/{rel}","templated":true}]}}