{"id":15817,"date":"2014-07-16T16:07:57","date_gmt":"2014-07-16T16:07:57","guid":{"rendered":"http:\/\/www.morzine-immo.com\/?page_id=15817"},"modified":"2016-07-25T14:21:19","modified_gmt":"2016-07-25T14:21:19","slug":"termes-et-conditions","status":"publish","type":"page","link":"https:\/\/morzine-immo.com\/fr\/termes-et-conditions\/","title":{"rendered":"Termes et conditions"},"content":{"rendered":"<h1>Conditions d&rsquo;utilisation et Politique de confidentialit\u00e9<\/h1>\n<h2>\n1.\u00a0Droits d&rsquo;auteur<\/h2>\n<p>La conception\u00a0et le contenu de\u00a0ce site\u00a0sont d\u00e9tenus et contr\u00f4l\u00e9s\u00a0par\u00a0Morzine Immobilier.\u00a0Vous pouvez t\u00e9l\u00e9charger\u00a0et \/ ou imprimer\u00a0les informations disponibles\u00a0pour\u00a0votre usage personnel uniquement.\u00a0La reproduction de tout\u00a0ou\u00a0partie de ce site\u00a0\u00e0 d&rsquo;autres fins\u00a0est strictement interdite sans\u00a0le consentement \u00e9crit de\u00a0Morzine Immobilier.<\/p>\n<p><strong>Nous contacter\u00a0\u00e0 l&rsquo;adresse suivante\u00a0:\u00a0<\/strong><\/p>\n<p>Morzine Immobilier<br \/>\n210\u00a0Route de la\u00a0Plagne\u00a0B.P.\u00a019<br \/>\n74410\u00a0Morzine<\/p>\n<p>Email:\u00a0<a href=\"mailto:contact@morzine-immo.com\">contact@morzine-immo.com<\/a><\/p>\n<h2>\n2.\u00a0Clause de non-responsabilit\u00e9<\/h2>\n<p>Morzine\u00a0Immobilier\u00a0prend\u00a0toutes les pr\u00e9cautions n\u00e9cessaires\u00a0pour s&rsquo;assurer que\u00a0les informations contenues sur\u00a0ce\u00a0site web sont exactes. Cependant, nous\u00a0ne pouvons pas garantir\u00a0leur exactitude\u00a0et nous nous r\u00e9servons\u00a0le droit de modifier\u00a0les informations de ce\u00a0site (y compris\u00a0les termes et\u00a0conditions)\u00a0\u00e0 tout moment.\u00a0Vous devez\u00a0donc v\u00e9rifier\u00a0ces termes et\u00a0conditions\u00a0\u00e0 chaque fois\u00a0que vous visitez\u00a0ce site.<\/p>\n<p>Morzine Immobilier\u00a0ne\u00a0fait aucune garantie d&rsquo;aucune sorte\u00a0\u00e0 l&rsquo;\u00e9gard de\u00a0ce site Web ou\u00a0le contenu\u00a0qu&rsquo;il contient, y compris les\u00a0textes, graphiques,\u00a0publicit\u00e9s,\u00a0liens ou autres \u00e9l\u00e9ments.\u00a0De plus,\u00a0niMorzine Immobilier, ni aucun autre\u00a0contributeur\u00a0\u00e0\u00a0ce site\u00a0ne\u00a0donne\u00a0de\u00a0garantie quant \u00e0\u00a0la performance, la pr\u00e9cision, l\u2019exactitude, l&rsquo;exhaustivit\u00e9\u00a0ou la qualit\u00e9 du\u00a0contenu du pr\u00e9sent\u00a0site Web ou\u00a0que ce contenu\u00a0sera\u00a0pr\u00e9cis,\u00a0\u00e0 jour,\u00a0sans interruption ou sans\u00a0erreur.\u00a0Rien sur ce\u00a0site ne doit \u00eatre\u00a0consid\u00e9r\u00e9\u00a0ou\u00a0pris comme\u00a0des conseils financiers.<\/p>\n<h2>\n3.\u00a0Coordonn\u00e9es<\/h2>\n<p>S&rsquo;il vous pla\u00eet\u00a0noter que vous\u00a0n&rsquo;\u00eates pas tenu de\u00a0fournir des renseignements personnels\u00a0pour utiliser ce site.\u00a0Toutefois, si vous fournissez\u00a0vos coordonn\u00e9es\u00a0(nom,\u00a0t\u00e9l\u00e9phone et adresse \u00e9lectronique), ces\u00a0donn\u00e9es seront utilis\u00e9es\u00a0pour fournir des services\u00a0que vous\u00a0avez demand\u00e9s.\u00a0En saisissant vos\u00a0coordonn\u00e9es, vous\u00a0convenez que nous pouvons\u00a0aussi les utiliser pour\u00a0les\u00a0fins suivantes:<br \/>\n1. Les int\u00e9grer dans\u00a0la base de donn\u00e9es\u00a0Morzine Immobilier.<br \/>\n2. Comme informations statistiques globales\u00a0qui peuvent\u00a0comprendre des renseignements personnels.<br \/>\n3. Vous fournir des informations\u00a0sur nos services.<br \/>\n4. Vos\u00a0coordonn\u00e9es\u00a0peuvent \u00eatre modifi\u00e9es\u00a0de la mani\u00e8re suivante:\u00a0Vous pouvez \u00e0 tout\u00a0moment nous demander\u00a0de retirer\u00a0vos coordonn\u00e9es\u00a0de notre\u00a0base de donn\u00e9es\u00a0ou\u00a0nous\u00a0demander de ne pas\u00a0utiliser les informations\u00a0personnelles que vous\u00a0nous avez fournies\u00a0pour\u00a0l&rsquo;une des fins\u00a0ci-dessus\u00a0en nous avertissant\u00a0par\u00a0e-mail.<\/p>\n<h2>4.\u00a0Email<\/h2>\n<p>Morzine Immobilier\u00a0est conforme \u00e0 la politique de confidentialit\u00e9 et d\u2019utilisation des donn\u00e9es\u00a0 \u00e9lectroniques\u00a0du Royaume-Uni, 2003.<\/p>\n<p>Nous\u00a0respectons la vie priv\u00e9e\u00a0des utilisateurs de messageries \u00e9lectroniques\u00a0et\u00a0gardons votre\u00a0adresse e-mail\u00a0de mani\u00e8re aussi s\u00e9curis\u00e9e\u00a0que toute autre information\u00a0personnelle\u00a0que nous d\u00e9tenons.\u00a0Nous\u00a0n&rsquo;allons pas vous\u00a0envoyer de messages\u00a0\u00e9lectroniques non sollicit\u00e9s\u00a0ou\u00a0de courrier ind\u00e9sirable\u00a0et\u00a0vos coordonn\u00e9es\u00a0ne seront pas transmises\u00a0\u00e0 des organismes ext\u00e9rieurs\u00a0\u00e0Morzine Immobilier\u00a0sans votre permission explicite.<\/p>\n<p>Si vous nous\u00a0en donnez la permission,\u00a0nous pouvons\u00a0utiliser votre courriel pour\u00a0vous envoyer des messages\u00a0vous tenant\u00a0au courant de\u00a0nouveaut\u00e9s,\u00a0ou concernant toute information pour laquelle vous exprimez un int\u00e9r\u00eat, que ce soit\u00a0en ligne ou par\u00a0tout autre contact avec\u00a0Morzine Immobilier.<\/p>\n<h2>5.\u00a0Loi sur la protection\u00a0des donn\u00e9es de 1998<\/h2>\n<p>Morzine Immobilier\u00a0respecte\u00a0la valeur\u00a0et la s\u00e9curit\u00e9\u00a0de\u00a0la vie priv\u00e9e\u00a0ses\u00a0contacts.\u00a0Morzine Immobilier\u00a0suit les proc\u00e9dures\u00a0de s\u00e9curit\u00e9\u00a0strictes dans le stockage\u00a0et la divulgation\u00a0des renseignements personnels\u00a0afin de pr\u00e9venir\u00a0l&rsquo;acc\u00e8s non autoris\u00e9.\u00a0Les donn\u00e9es\u00a0personnelles sont conserv\u00e9es\u00a0dans notre\u00a0base de donn\u00e9es\u00a0parce que nous croyons\u00a0que les clients\u00a0peuvent \u00eatre int\u00e9ress\u00e9s\u00a0par l&rsquo;envoi de\u00a0donn\u00e9es concernant nos activit\u00e9s\u00a0et\u00a0services.\u00a0En tant que tel, nous\u00a0d\u00e9tenons\u00a0les coordonn\u00e9es\u00a0des clients et\u00a0l\u2019historique de notre\u00a0relation client.\u00a0Cela nous permet\u00a0de g\u00e9rer nos\u00a0relations avec les clients\u00a0de mani\u00e8re efficace et\u00a0cibler les sujets d&rsquo;int\u00e9r\u00eat\u00a0de sorte que\u00a0vous ne receviez pas\u00a0de courriers ind\u00e9sirables\u00a0par La Poste.<br \/>\nEn\u00a0fonction de vos\u00a0droits en vertu de\u00a0la\u00a0Loi, vous pouvez\u00a0demander la modification de\u00a0renseignements personnels d\u00e9tenus\u00a0ou\u00a0de cesser de recevoir\u00a0toute information directe de publicit\u00e9.\u00a0Morzine Immobilier\u00a0ne\u00a0peut\u00a0pas vendre, louer\u00a0ou n\u00e9gocier\u00a0les renseignements personnels\u00a0que nous d\u00e9tenons.<\/p>\n<h2>6.\u00a0Loi<\/h2>\n<p>Dans les limites autoris\u00e9es par la loi, tout litige d\u00e9coulant de l&rsquo;utilisation de ce site ou des informations qui s&rsquo;y trouvent devra \u00eatre instruit selon la loi britannique et sous la juridiction exclusive des Cours d&rsquo;Angleterre.<\/p>\n<h2>7.\u00a0Cookies<\/h2>\n<p>Un cookie est un\u00a0\u00e9l\u00e9ment d&rsquo;information,\u00a0g\u00e9n\u00e9r\u00e9 automatiquement\u00a0lorsque vous vous inscrivez\u00a0ou\u00a0visitez\u00a0ce site\u00a0pour la premi\u00e8re fois.\u00a0Le\u00a0cookie\u00a0est maintenu\u00a0sur votre\u00a0PC\u00a0et\u00a0nous permet\u00a0de vous reconna\u00eetre\u00a0lorsque vous vous connectez\u00a0\u00e0 nouveau.<\/p>\n<p>Parce que\u00a0le cookie\u00a0est maintenu\u00a0sur votre\u00a0PC,\u00a0nous sommes incapables de\u00a0vous reconna\u00eetre\u00a0si vous visitez\u00a0notre site Web\u00a0\u00e0 partir de\u00a0n&rsquo;importe quel PC\u00a0en dehors de celui\u00a0que vous avez utilis\u00e9pour vous inscrire\u00a0ou vous connecter\u00a0pour la premi\u00e8re\u00a0fois.\u00a0Cette\u00a0utilisation de cookies\u00a0ne conduit pas \u00e0\u00a0la\u00a0collecte de renseignements\u00a0personnels \u00e0 votre sujet,\u00a0l&rsquo;utilisation de votre\u00a0PC\u00a0ou de votre utilisation\u00a0de l&rsquo;Internet\u00a0en g\u00e9n\u00e9ral.<\/p>\n<p>Si vous\u00a0pr\u00e9f\u00e9rez ne pas activer les cookies,\u00a0ouvrez\u00a0la fen\u00eatre de votre\u00a0navigateur Internet, s\u00e9lectionnez\u00a0pr\u00e9f\u00e9rences ou\u00a0options Internet\u00a0et\u00a0modifier vos\u00a0param\u00e8tres d\u2019activation des cookies.<\/p>\n<h2>8.\u00a0Liens externes<\/h2>\n<p>Certains liens\u00a0sur ce site\u00a0peuvent conduire \u00e0\u00a0des serveurs g\u00e9r\u00e9s\u00a0par des individus ou\u00a0des organisations autres que\u00a0Morzine Immobilier.\u00a0Morzine Immobilier\u00a0ne fait aucune repr\u00e9sentation\u00a0ougarantie quant \u00e0\u00a0l&rsquo;exactitude, l&rsquo;actualisation, la pertinence ou\u00a0tout autre aspect de\u00a0l&rsquo;information\u00a0situ\u00e9 sur\u00a0ces\u00a0serveurs\u00a0et\u00a0ne contr\u00f4le\u00a0ni\u00a0approuve\u00a0ces\u00a0serveurs\u00a0ou de contenu.\u00a0Si\u00a0vous cr\u00e9ez un lien vers notre site, nous\u00a0pouvons vous demander\u00a0\u00e0\u00a0tout moment \u00e0 notre\u00a0enti\u00e8re discr\u00e9tion, de\u00a0retirer le\u00a0lien.<\/p>\n<p>9.\u00a0Avis important\u00a0&#8211;\u00a0Mauvaise description de bien loi 1991<br \/>\n1.Particularit\u00e9s:\u00a0Les\u00a0descriptions des biens, en tout ou partie, ne sont en aucun cas contractuelles.\u00a0Vous\u00a0ne devez pas assimiler les d\u00e9clarations de\u00a0Morzine Immobilier\u00a0dans les r\u00e9sultats de recherche, les descriptifs,\u00a0par\u00a0le bouche \u00e0 oreille\u00a0ou\u00a0par \u00e9crit,\u00a0comme \u00e9tant\u00a0des faits pr\u00e9cis\u00a0sur la propri\u00e9t\u00e9,\u00a0son \u00e9tat ou sa\u00a0valeur.\u00a0Ni\u00a0Morzine Immobilier\u00a0ni un mandataire\u00a0commun\u00a0n\u2019a d\u2019autorit\u00e9 pour\u00a0faire des d\u00e9clarations\u00a0au sujet de\u00a0la propri\u00e9t\u00e9,\u00a0et\u00a0en cons\u00e9quence, toute\u00a0information\u00a0est\u00a0enti\u00e8rement sans responsabilit\u00e9 de\u00a0la part des\u00a0agents,\u00a0vendeur(s)\u00a0ou le bailleur(s).<br \/>\n2. Photos\u00a0:\u00a0Les\u00a0photographies ne montrent que\u00a0certaines\u00a0parties de la propri\u00e9t\u00e9\u00a0comme elles sont apparues\u00a0au moment o\u00f9 elles\u00a0ont \u00e9t\u00e9 prises.\u00a0Les pi\u00e8ces, les mesures\u00a0et les distances\u00a0indiqu\u00e9es sont approximatives.\u00a0Toute\u00a0image g\u00e9n\u00e9r\u00e9e par ordinateur\u00a0ne donne qu&rsquo;une\u00a0indication\u00a0sur la fa\u00e7on dont\u00a0la propri\u00e9t\u00e9\u00a0pourrait\u00a0\u00e9voluer,\u00a0ce qui peut\u00a0changer \u00e0 tout moment.<br \/>\n3. R\u00e8glementation\u00a0:\u00a0Toute r\u00e9f\u00e9rence\u00a0aux modifications apport\u00e9es,\u00a0ou \u00e0 l&rsquo;utilisation\u00a0de quelconque partie\u00a0de la propri\u00e9t\u00e9\u00a0ne signifie pas\u00a0que les accords\u00a0n\u00e9cessaires,\u00a0les permis de construction\u00a0ouautre consentement ont \u00e9t\u00e9\u00a0obtenus.\u00a0Un acheteur\u00a0ou locataire\u00a0doit\u00a0porter \u00e0 sa connaissance si ces questions\u00a0ont \u00e9t\u00e9 correctement\u00a0trait\u00e9es\u00a0et que\u00a0toutes les informations\u00a0sont correctes.<br \/>\n4. TVA:\u00a0La valeur de la TVA aff\u00e9rente aux prix annonc\u00e9s peut\u00a0changer\u00a0sans pr\u00e9avis.<br \/>\n5. Les informations concernant les biens sont\u00a0susceptibles d&rsquo;\u00eatre modifi\u00e9es\u00a0\u00e0 tout moment.<br \/>\n6. Simulation de cr\u00e9dit :\u00a0Les r\u00e9sultats de l\u2019outil de simulation de cr\u00e9dit sont donn\u00e9s\u00a0\u00e0 titre indicatif, le taux d&rsquo;int\u00e9r\u00eat\u00a0ne pouvant pas \u00eatre\u00a0\u00e0 jour\u00a0\u00bb.<\/p>\n<h2>\n10.\u00a0Conflits.<\/h2>\n<p>S&rsquo;il y a un\u00a0conflit\u00a0d\u00e9coulant de\u00a0l&rsquo;un des termes\u00a0de ce site avec tout autre document\u00a0\u00e9crit de\u00a0Morzine Immobilier, alors ce dernier pr\u00e9vaudra.<\/p>\n<h2>\n11.\u00a0Indemnit\u00e9<\/h2>\n<p>Vous\u00a0reconnaissez que vous\u00a0\u00eates seul responsable de\u00a0l&rsquo;utilisation\u00a0que vous avez de\u00a0ce site\u00a0et des r\u00e9sultats\u00a0et\u00a0informations que vous y trouverez, et\u00a0que\u00a0toutes les garanties,\u00a0conditions, engagements,\u00a0d\u00e9clarations et\u00a0conditions\u00a0explicite ou implicite, l\u00e9gale ou autre\u00a0sont ici exclus\u00a0des mesures\u00a0permises par la loi.<br \/>\nBien que\u00a0nous prenons\u00a0toutes les pr\u00e9cautions\u00a0pour s&rsquo;assurer que\u00a0la qualit\u00e9\u00a0de ce site\u00a0demeure \u00e9lev\u00e9e\u00a0et\u00a0d\u2019en maintenir la continuit\u00e9,\u00a0nous\u00a0n&rsquo;acceptons aucune\u00a0obligation\u00a0ou\u00a0responsabilit\u00e9d&rsquo;exploitation de\u00a0ce site\u00a0(ou toute\u00a0partie de celui-ci)<br \/>\nSi une partie de\u00a0nos termes et\u00a0conditions\u00a0est jug\u00e9e\u00a0inapplicable\u00a0(y compris toute disposition\u00a0dans\u00a0laquelle nous excluons\u00a0notre responsabilit\u00e9 envers vous)\u00a0le caract\u00e8re ex\u00e9cutoire\u00a0de toute autre partie\u00a0de ces\u00a0conditions\u00a0ne sera pas affect\u00e9.<\/p>\n<h2>\n12.\u00a0Contactez-nous<\/h2>\n<p>Votre avis\u00a0sur ce\u00a0site,\u00a0ses\u00a0termes et\u00a0conditions\u00a0et\u00a0notre\u00a0niveau global de\u00a0service sont importants pour\u00a0nous.\u00a0Si vous\u00a0souhaitez\u00a0nous contacter et apporter vos commentaires<br \/>\nEnvoyer\u00a0sur:\u00a0<a href=\"mailto:contact@morzine-immo.com\">contact@morzine-immo.com<\/a><br \/>\nou<br \/>\nT\u00e9l\u00e9phone au +33\u00a0(0)\u00a0450\u00a079\u00a013 09<\/p>\n","protected":false},"excerpt":{"rendered":"Conditions d&rsquo;utilisation et Politique de confidentialit\u00e9 1.\u00a0Droits d&rsquo;auteur La conception\u00a0et le contenu de\u00a0ce site\u00a0sont d\u00e9tenus et contr\u00f4l\u00e9s\u00a0par\u00a0Morzine Immobilier.\u00a0Vous pouvez t\u00e9l\u00e9charger\u00a0et \/ ou imprimer\u00a0les informations disponibles\u00a0pour\u00a0votre usage personnel uniquement.\u00a0La reproduction de tout\u00a0ou\u00a0partie de ce site\u00a0\u00e0 d&rsquo;autres fins\u00a0est strictement interdite sans\u00a0le consentement \u00e9crit de\u00a0Morzine Immobilier. Nous contacter\u00a0\u00e0 l&rsquo;adresse suivante\u00a0:\u00a0 Morzine Immobilier 210\u00a0Route de la\u00a0Plagne\u00a0B.P.\u00a019 74410\u00a0Morzine Email:\u00a0contact@morzine-immo.com 2.\u00a0Clause&#8230;","protected":false},"author":7,"featured_media":0,"parent":0,"menu_order":0,"comment_status":"closed","ping_status":"closed","template":"","meta":{"_acf_changed":false,"footnotes":""},"class_list":["post-15817","page","type-page","status-publish","hentry"],"acf":[],"_links":{"self":[{"href":"https:\/\/morzine-immo.com\/fr\/wp-json\/wp\/v2\/pages\/15817","targetHints":{"allow":["GET"]}}],"collection":[{"href":"https:\/\/morzine-immo.com\/fr\/wp-json\/wp\/v2\/pages"}],"about":[{"href":"https:\/\/morzine-immo.com\/fr\/wp-json\/wp\/v2\/types\/page"}],"author":[{"embeddable":true,"href":"https:\/\/morzine-immo.com\/fr\/wp-json\/wp\/v2\/users\/7"}],"replies":[{"embeddable":true,"href":"https:\/\/morzine-immo.com\/fr\/wp-json\/wp\/v2\/comments?post=15817"}],"version-history":[{"count":0,"href":"https:\/\/morzine-immo.com\/fr\/wp-json\/wp\/v2\/pages\/15817\/revisions"}],"wp:attachment":[{"href":"https:\/\/morzine-immo.com\/fr\/wp-json\/wp\/v2\/media?parent=15817"}],"curies":[{"name":"wp","href":"https:\/\/api.w.org\/{rel}","templated":true}]}}