{"id":14934,"date":"2014-07-15T15:01:18","date_gmt":"2014-07-15T15:01:18","guid":{"rendered":"http:\/\/www.morzine-immo.com\/?page_id=14934"},"modified":"2016-07-25T14:21:19","modified_gmt":"2016-07-25T14:21:19","slug":"services","status":"publish","type":"page","link":"https:\/\/morzine-immo.com\/fr\/services\/","title":{"rendered":"Services"},"content":{"rendered":"<p>[efsrow]<br \/>\n[efscolumn lg=\u00a0\u00bb6&Prime; md=\u00a0\u00bb6&Prime; smoff=\u00a0\u00bb0&Prime; mdoff=\u00a0\u00bb0&Prime; lgoff=\u00a0\u00bb0&Prime; ]<\/p>\n<h1>Transferts a\u00e9roport<\/h1>\n<h2><img loading=\"lazy\" decoding=\"async\" class=\"alignnone wp-image-14938 size-full\" src=\"http:\/\/www.morzine-immo.com\/wp-content\/uploads\/2014\/07\/skiidy-van.jpg\" alt=\"Skiidy Gonzales\" width=\"158\" height=\"109\" \/><\/h2>\n<h3>Skiidy Gonzales \u2013 10% de r\u00e9duction pour les clients de Morzine Immobilier<\/h3>\n<p>Apr\u00e8s 5 ans de partenariat, Skiidy Gonzales a fait ses preuves de professionnalisme et de fiabilit\u00e9. La Compagnie offre un service de grande qualit\u00e9 pour vos transferts de l\u2019a\u00e9roport \u00e0 Morzine, en vous d\u00e9posant au pas de votre porte. Les transferts sont possibles toute l\u2019ann\u00e9e et 24h\/24. Les voyages sont partag\u00e9s, ou bien priv\u00e9s si vous le souhaitez.<\/p>\n<p>En tant que client de Morzine Immobilier, b\u00e9n\u00e9ficiez de 10% de r\u00e9duction sur votre transfert. Demandez-nous le code de r\u00e9duction, et r\u00e9servez votre trajet en ligne sur<\/p>\n<p><a href=\"http:\/\/www.skiidygonzales.com\/\"><img loading=\"lazy\" decoding=\"async\" class=\"alignleft wp-image-14937 size-full\" src=\"http:\/\/www.morzine-immo.com\/wp-content\/uploads\/2014\/07\/skiidy-logo.gif\" alt=\"Airport Transfers Morzine\" width=\"251\" height=\"51\" \/><\/a><br \/>\n[\/efscolumn]<br \/>\n[efscolumn lg=\u00a0\u00bb6&Prime; md=\u00a0\u00bb6&Prime; smoff=\u00a0\u00bb0&Prime; mdoff=\u00a0\u00bb0&Prime; lgoff=\u00a0\u00bb0&Prime; ]<\/p>\n<h1><img loading=\"lazy\" decoding=\"async\" class=\"alignnone wp-image-14939 size-full\" src=\"http:\/\/www.morzine-immo.com\/wp-content\/uploads\/2014\/07\/skiset.gif\" alt=\"skiset\" width=\"155\" height=\"101\" \/><\/h1>\n<h1>Location de Ski<\/h1>\n<h3>SkiSet \u2013 20<strong>% de r\u00e9duction pour les clients de Morzine Immobilier<\/strong><\/h3>\n<p>SkiSet est id\u00e9alement situ\u00e9 \u00e0 c\u00f4t\u00e9 de Morzine Immobilier. Vous avez donc la possibilit\u00e9 de r\u00e9cup\u00e9rer vos skis au magasin lorsque vous passez prendre vos cl\u00e9s \u00e0 l\u2019agence. Le magasin vous propose les derniers mod\u00e8les de ski, pour tous les niveaux, du d\u00e9butant au skieur confirm\u00e9. Avec un petit suppl\u00e9ment, vous pourrez y d\u00e9poser vos skis en fin de journ\u00e9e, afin de profiter d\u2019un apr\u00e8s-ski dans le centre Morzine sans encombrement.<\/p>\n<p>En tant que client de Morzine Immobilier, vous b\u00e9n\u00e9ficierez d\u2019une r\u00e9duction de 20% sur la location de votre mat\u00e9riel.<\/p>\n<p><strong><a title=\"SkiSet Ski Hire\" href=\"http:\/\/www.caribousport.com\/morzineimmo_immobilier.php\" target=\"_blank\">R\u00e9servez-vos skis d\u00e8s maintenant !<\/a><\/strong><\/p>\n<p>[\/efscolumn]<br \/>\n[\/efsrow]<\/p>\n<p><a href=\"http:\/\/courses.carrefour.fr\/accueil.body.overlayers.storeoverlayer.drivesolo\/569\"><img loading=\"lazy\" decoding=\"async\" class=\"alignnone size-full wp-image-14936\" src=\"http:\/\/www.morzine-immo.com\/wp-content\/uploads\/2014\/07\/carrefour.png\" alt=\"carrefour\" width=\"300\" height=\"225\" \/><\/a><\/p>\n","protected":false},"excerpt":{"rendered":"[efsrow] [efscolumn lg=\u00a0\u00bb6&Prime; md=\u00a0\u00bb6&Prime; smoff=\u00a0\u00bb0&Prime; mdoff=\u00a0\u00bb0&Prime; lgoff=\u00a0\u00bb0&Prime; ] Transferts a\u00e9roport Skiidy Gonzales \u2013 10% de r\u00e9duction pour les clients de Morzine Immobilier Apr\u00e8s 5 ans de partenariat, Skiidy Gonzales a fait ses preuves de professionnalisme et de fiabilit\u00e9. La Compagnie offre un service de grande qualit\u00e9 pour vos transferts de l\u2019a\u00e9roport \u00e0 Morzine, en vous&#8230;","protected":false},"author":7,"featured_media":0,"parent":0,"menu_order":0,"comment_status":"closed","ping_status":"closed","template":"","meta":{"_acf_changed":false,"footnotes":""},"class_list":["post-14934","page","type-page","status-publish","hentry"],"acf":[],"_links":{"self":[{"href":"https:\/\/morzine-immo.com\/fr\/wp-json\/wp\/v2\/pages\/14934","targetHints":{"allow":["GET"]}}],"collection":[{"href":"https:\/\/morzine-immo.com\/fr\/wp-json\/wp\/v2\/pages"}],"about":[{"href":"https:\/\/morzine-immo.com\/fr\/wp-json\/wp\/v2\/types\/page"}],"author":[{"embeddable":true,"href":"https:\/\/morzine-immo.com\/fr\/wp-json\/wp\/v2\/users\/7"}],"replies":[{"embeddable":true,"href":"https:\/\/morzine-immo.com\/fr\/wp-json\/wp\/v2\/comments?post=14934"}],"version-history":[{"count":0,"href":"https:\/\/morzine-immo.com\/fr\/wp-json\/wp\/v2\/pages\/14934\/revisions"}],"wp:attachment":[{"href":"https:\/\/morzine-immo.com\/fr\/wp-json\/wp\/v2\/media?parent=14934"}],"curies":[{"name":"wp","href":"https:\/\/api.w.org\/{rel}","templated":true}]}}