{"id":14915,"date":"2014-07-15T14:48:24","date_gmt":"2014-07-15T14:48:24","guid":{"rendered":"http:\/\/www.morzine-immo.com\/?page_id=14915"},"modified":"2019-10-09T12:57:16","modified_gmt":"2019-10-09T12:57:16","slug":"le-financement","status":"publish","type":"page","link":"https:\/\/morzine-immo.com\/fr\/conseils-aux-acheteurs\/le-financement\/","title":{"rendered":"Le financement"},"content":{"rendered":"<p>Votre acquisition peut-\u00eatre soumise \u00e0 la condition d&rsquo;obtention d&rsquo;un pr\u00eat immobilier.<\/p>\n<p>Cependant, il y a des clauses de d\u00e9lais tr\u00e8s strictes dans la recherche d\u2019un pr\u00eat. Si vous ne respectez pas ces d\u00e9lais, vous risquez de perdre votre acompte. Morzine immobilier appr\u00e9cie l\u2019importance de ces dates et travaillera en coop\u00e9ration avec vous afin que vous puissiez remplir toutes ces conditions.<\/p>\n<p>Nous connaissons \u00e9galement\u00a0 les meilleures banques locales, donc si vous avez besoin d\u2019aide, nous serions ravis de vous assister. Ceci signifie \u00e9galement que vous n\u2019aurez pas besoin de payer les services d\u2019un courtier.<\/p>\n","protected":false},"excerpt":{"rendered":"Votre acquisition peut-\u00eatre soumise \u00e0 la condition d&rsquo;obtention d&rsquo;un pr\u00eat immobilier. Cependant, il y a des clauses de d\u00e9lais tr\u00e8s strictes dans la recherche d\u2019un pr\u00eat. Si vous ne respectez pas ces d\u00e9lais, vous risquez de perdre votre acompte. Morzine immobilier appr\u00e9cie l\u2019importance de ces dates et travaillera en coop\u00e9ration avec vous afin que vous&#8230;","protected":false},"author":7,"featured_media":0,"parent":10660,"menu_order":0,"comment_status":"closed","ping_status":"closed","template":"","meta":{"_acf_changed":false,"footnotes":""},"class_list":["post-14915","page","type-page","status-publish","hentry"],"acf":[],"_links":{"self":[{"href":"https:\/\/morzine-immo.com\/fr\/wp-json\/wp\/v2\/pages\/14915","targetHints":{"allow":["GET"]}}],"collection":[{"href":"https:\/\/morzine-immo.com\/fr\/wp-json\/wp\/v2\/pages"}],"about":[{"href":"https:\/\/morzine-immo.com\/fr\/wp-json\/wp\/v2\/types\/page"}],"author":[{"embeddable":true,"href":"https:\/\/morzine-immo.com\/fr\/wp-json\/wp\/v2\/users\/7"}],"replies":[{"embeddable":true,"href":"https:\/\/morzine-immo.com\/fr\/wp-json\/wp\/v2\/comments?post=14915"}],"version-history":[{"count":0,"href":"https:\/\/morzine-immo.com\/fr\/wp-json\/wp\/v2\/pages\/14915\/revisions"}],"up":[{"embeddable":true,"href":"https:\/\/morzine-immo.com\/fr\/wp-json\/wp\/v2\/pages\/10660"}],"wp:attachment":[{"href":"https:\/\/morzine-immo.com\/fr\/wp-json\/wp\/v2\/media?parent=14915"}],"curies":[{"name":"wp","href":"https:\/\/api.w.org\/{rel}","templated":true}]}}