{"id":14913,"date":"2014-07-15T14:47:57","date_gmt":"2014-07-15T14:47:57","guid":{"rendered":"http:\/\/www.morzine-immo.com\/?page_id=14913"},"modified":"2019-10-09T12:47:53","modified_gmt":"2019-10-09T12:47:53","slug":"delais-de-retractation-de-10-jours","status":"publish","type":"page","link":"https:\/\/morzine-immo.com\/fr\/conseils-aux-acheteurs\/delais-de-retractation-de-10-jours\/","title":{"rendered":"D\u00e9lai de r\u00e9tractation de 10 jours"},"content":{"rendered":"<p>Une fois cette p\u00e9riode arriv\u00e9e \u00e0 terme, vous vous engagerez devant la loi \u00e0 acheter le bien immobilier d\u00e8s que les conditions suspensives \u00e9ventuelles du contrat seront lev\u00e9es. Dans le cas contraire, l\u2019acompte vers\u00e9 lors de la signature du compromis de vente ne vous sera pas restitu\u00e9.<\/p>\n","protected":false},"excerpt":{"rendered":"Une fois cette p\u00e9riode arriv\u00e9e \u00e0 terme, vous vous engagerez devant la loi \u00e0 acheter le bien immobilier d\u00e8s que les conditions suspensives \u00e9ventuelles du contrat seront lev\u00e9es. Dans le cas contraire, l\u2019acompte vers\u00e9 lors de la signature du compromis de vente ne vous sera pas restitu\u00e9.","protected":false},"author":7,"featured_media":0,"parent":10660,"menu_order":0,"comment_status":"closed","ping_status":"closed","template":"","meta":{"_acf_changed":false,"footnotes":""},"class_list":["post-14913","page","type-page","status-publish","hentry"],"acf":[],"_links":{"self":[{"href":"https:\/\/morzine-immo.com\/fr\/wp-json\/wp\/v2\/pages\/14913","targetHints":{"allow":["GET"]}}],"collection":[{"href":"https:\/\/morzine-immo.com\/fr\/wp-json\/wp\/v2\/pages"}],"about":[{"href":"https:\/\/morzine-immo.com\/fr\/wp-json\/wp\/v2\/types\/page"}],"author":[{"embeddable":true,"href":"https:\/\/morzine-immo.com\/fr\/wp-json\/wp\/v2\/users\/7"}],"replies":[{"embeddable":true,"href":"https:\/\/morzine-immo.com\/fr\/wp-json\/wp\/v2\/comments?post=14913"}],"version-history":[{"count":0,"href":"https:\/\/morzine-immo.com\/fr\/wp-json\/wp\/v2\/pages\/14913\/revisions"}],"up":[{"embeddable":true,"href":"https:\/\/morzine-immo.com\/fr\/wp-json\/wp\/v2\/pages\/10660"}],"wp:attachment":[{"href":"https:\/\/morzine-immo.com\/fr\/wp-json\/wp\/v2\/media?parent=14913"}],"curies":[{"name":"wp","href":"https:\/\/api.w.org\/{rel}","templated":true}]}}