{"id":14909,"date":"2014-07-15T14:46:08","date_gmt":"2014-07-15T14:46:08","guid":{"rendered":"http:\/\/www.morzine-immo.com\/?page_id=14909"},"modified":"2019-10-09T12:58:34","modified_gmt":"2019-10-09T12:58:34","slug":"le-notaire","status":"publish","type":"page","link":"https:\/\/morzine-immo.com\/fr\/conseils-aux-acheteurs\/le-notaire\/","title":{"rendered":"Le notaire"},"content":{"rendered":"<p>Si le vendeur et l&rsquo;acqu\u00e9reur d\u00e9cident d&rsquo;engager leurs propres notaires, ils peuvent le faire sans aucun co\u00fbt suppl\u00e9mentaire. Parfois, le fait d&rsquo;avoir deux notaires diff\u00e9rents peut compliquer le processus de vente. Morzine immobilier peut vous renseigner sur ce processus l\u00e9gal d&rsquo;acquisition. Mais si vous ressentez le besoin d&rsquo;avoir un second notaire \u00e0 disposition, nous avons d&rsquo;excellentes relations professionnelles avec les notaires locaux avec qui nous pourrons vous mettre en relation.<\/p>\n<p>Les frais de notaire sont r\u00e9gl\u00e9s par l&rsquo;acheteur et correspondent \u00e0 un bar\u00e8me l\u00e9gal r\u00e9\u00e9valu\u00e9 chaque ann\u00e9e.<\/p>\n<p>En premier lieu, Morzine Immobilier r\u00e9dige le\u00a0\u00ab\u00a0compromis de vente\u00a0\u00bb et vous guidera point par point en prenant soin de vous expliquer chaque clause du contrat. Tous les documents pourront \u00eatre traduits en anglais si vous le souhaitez.<\/p>\n","protected":false},"excerpt":{"rendered":"Si le vendeur et l&rsquo;acqu\u00e9reur d\u00e9cident d&rsquo;engager leurs propres notaires, ils peuvent le faire sans aucun co\u00fbt suppl\u00e9mentaire. Parfois, le fait d&rsquo;avoir deux notaires diff\u00e9rents peut compliquer le processus de vente. Morzine immobilier peut vous renseigner sur ce processus l\u00e9gal d&rsquo;acquisition. Mais si vous ressentez le besoin d&rsquo;avoir un second notaire \u00e0 disposition, nous avons&#8230;","protected":false},"author":7,"featured_media":0,"parent":10660,"menu_order":0,"comment_status":"closed","ping_status":"closed","template":"","meta":{"_acf_changed":false,"footnotes":""},"class_list":["post-14909","page","type-page","status-publish","hentry"],"acf":[],"_links":{"self":[{"href":"https:\/\/morzine-immo.com\/fr\/wp-json\/wp\/v2\/pages\/14909","targetHints":{"allow":["GET"]}}],"collection":[{"href":"https:\/\/morzine-immo.com\/fr\/wp-json\/wp\/v2\/pages"}],"about":[{"href":"https:\/\/morzine-immo.com\/fr\/wp-json\/wp\/v2\/types\/page"}],"author":[{"embeddable":true,"href":"https:\/\/morzine-immo.com\/fr\/wp-json\/wp\/v2\/users\/7"}],"replies":[{"embeddable":true,"href":"https:\/\/morzine-immo.com\/fr\/wp-json\/wp\/v2\/comments?post=14909"}],"version-history":[{"count":0,"href":"https:\/\/morzine-immo.com\/fr\/wp-json\/wp\/v2\/pages\/14909\/revisions"}],"up":[{"embeddable":true,"href":"https:\/\/morzine-immo.com\/fr\/wp-json\/wp\/v2\/pages\/10660"}],"wp:attachment":[{"href":"https:\/\/morzine-immo.com\/fr\/wp-json\/wp\/v2\/media?parent=14909"}],"curies":[{"name":"wp","href":"https:\/\/api.w.org\/{rel}","templated":true}]}}