{"id":14907,"date":"2014-07-15T14:45:28","date_gmt":"2014-07-15T14:45:28","guid":{"rendered":"http:\/\/www.morzine-immo.com\/?page_id=14907"},"modified":"2019-10-09T12:51:24","modified_gmt":"2019-10-09T12:51:24","slug":"loffre-dachat","status":"publish","type":"page","link":"https:\/\/morzine-immo.com\/fr\/conseils-aux-acheteurs\/loffre-dachat\/","title":{"rendered":"L\u2019offre d\u2019achat"},"content":{"rendered":"<p>G\u00e9n\u00e9ralement, en France, un vendeur proposera un prix pour lequel il est pr\u00eat \u00e0 vendre. En g\u00e9n\u00e9ral, vous commencerez donc par faire une offre plus basse que le prix affich\u00e9, vous entrerez alors en phase de n\u00e9gociation avec le vendeur.<\/p>\n<p>Il y a des exceptions \u00e0 cette r\u00e8gle dans les cas de ventes forc\u00e9es ou de ventes suite \u00e0 un h\u00e9ritage. Dans de telles situations, un prix est fix\u00e9 et il est tr\u00e8s difficile de le n\u00e9gocier. \u00c9tant en contact \u00e9troit avec le vendeur, nous serons toujours capables de vous tenir au courant de la situation.<\/p>\n","protected":false},"excerpt":{"rendered":"G\u00e9n\u00e9ralement, en France, un vendeur proposera un prix pour lequel il est pr\u00eat \u00e0 vendre. En g\u00e9n\u00e9ral, vous commencerez donc par faire une offre plus basse que le prix affich\u00e9, vous entrerez alors en phase de n\u00e9gociation avec le vendeur. Il y a des exceptions \u00e0 cette r\u00e8gle dans les cas de ventes forc\u00e9es ou&#8230;","protected":false},"author":7,"featured_media":0,"parent":10660,"menu_order":0,"comment_status":"closed","ping_status":"closed","template":"","meta":{"_acf_changed":false,"footnotes":""},"class_list":["post-14907","page","type-page","status-publish","hentry"],"acf":[],"_links":{"self":[{"href":"https:\/\/morzine-immo.com\/fr\/wp-json\/wp\/v2\/pages\/14907","targetHints":{"allow":["GET"]}}],"collection":[{"href":"https:\/\/morzine-immo.com\/fr\/wp-json\/wp\/v2\/pages"}],"about":[{"href":"https:\/\/morzine-immo.com\/fr\/wp-json\/wp\/v2\/types\/page"}],"author":[{"embeddable":true,"href":"https:\/\/morzine-immo.com\/fr\/wp-json\/wp\/v2\/users\/7"}],"replies":[{"embeddable":true,"href":"https:\/\/morzine-immo.com\/fr\/wp-json\/wp\/v2\/comments?post=14907"}],"version-history":[{"count":0,"href":"https:\/\/morzine-immo.com\/fr\/wp-json\/wp\/v2\/pages\/14907\/revisions"}],"up":[{"embeddable":true,"href":"https:\/\/morzine-immo.com\/fr\/wp-json\/wp\/v2\/pages\/10660"}],"wp:attachment":[{"href":"https:\/\/morzine-immo.com\/fr\/wp-json\/wp\/v2\/media?parent=14907"}],"curies":[{"name":"wp","href":"https:\/\/api.w.org\/{rel}","templated":true}]}}