{"id":14905,"date":"2014-07-15T14:44:35","date_gmt":"2014-07-15T14:44:35","guid":{"rendered":"http:\/\/www.morzine-immo.com\/?page_id=14905"},"modified":"2019-10-09T12:53:18","modified_gmt":"2019-10-09T12:53:18","slug":"le-bien-immobilier-ideal","status":"publish","type":"page","link":"https:\/\/morzine-immo.com\/fr\/conseils-aux-acheteurs\/le-bien-immobilier-ideal\/","title":{"rendered":"Le bien immobilier id\u00e9al"},"content":{"rendered":"<ul>\n<li>Une maison de vacances<\/li>\n<li>Un pied-\u00e0-terre pour week-ends occasionnels<\/li>\n<li>Un bien \u00e0 louer<\/li>\n<li>Un chalet \/ g\u00eete \u00e0 r\u00e9nover<\/li>\n<li>Un d\u00e9m\u00e9nagement dans la r\u00e9gion<\/li>\n<\/ul>\n<p>Chaque cat\u00e9gorie diff\u00e8re quelque peu l\u2019une de l\u2019autre et aura un impact sur votre acquisition.<\/p>\n<p>Ensuite, il y a plusieurs secteurs \u00e0 l&rsquo;int\u00e9rieur et autour de Morzine. Voulez-vous vivre en plein centre-ville au c\u0153ur de l\u2019action ou plut\u00f4t dans l&rsquo;un des villages alentours au style de vie diff\u00e9rent ?<\/p>\n<p>Aurez-vous une voiture\u00a0? Utiliserez-vous les transports publics?\u00a0 Souhaitez-vous pouvoir tout faire \u00e0 pied ?<\/p>\n<p>Souhaitez-vous un projet de construction tout en pouvant habiter le b\u00e2timent pendant les travaux\u00a0?<\/p>\n<p>Louerez-vous ce bien pendant les p\u00e9riodes d&rsquo;inoccupation ?<\/p>\n<p>Tous ces param\u00e8tres, et beaucoup d\u2019autres, affecteront le type de bien que vous ach\u00e8terez. Nous vous pr\u00e9senterons, \u00e9videmment, un large \u00e9ventail de biens immobiliers jusqu\u2019\u00e0 ce que vous soyez s\u00fbr d\u2019avoir fait le bon choix.<\/p>\n","protected":false},"excerpt":{"rendered":"Une maison de vacances Un pied-\u00e0-terre pour week-ends occasionnels Un bien \u00e0 louer Un chalet \/ g\u00eete \u00e0 r\u00e9nover Un d\u00e9m\u00e9nagement dans la r\u00e9gion Chaque cat\u00e9gorie diff\u00e8re quelque peu l\u2019une de l\u2019autre et aura un impact sur votre acquisition. Ensuite, il y a plusieurs secteurs \u00e0 l&rsquo;int\u00e9rieur et autour de Morzine. Voulez-vous vivre en plein&#8230;","protected":false},"author":7,"featured_media":0,"parent":10660,"menu_order":0,"comment_status":"closed","ping_status":"closed","template":"","meta":{"_acf_changed":false,"footnotes":""},"class_list":["post-14905","page","type-page","status-publish","hentry"],"acf":[],"_links":{"self":[{"href":"https:\/\/morzine-immo.com\/fr\/wp-json\/wp\/v2\/pages\/14905","targetHints":{"allow":["GET"]}}],"collection":[{"href":"https:\/\/morzine-immo.com\/fr\/wp-json\/wp\/v2\/pages"}],"about":[{"href":"https:\/\/morzine-immo.com\/fr\/wp-json\/wp\/v2\/types\/page"}],"author":[{"embeddable":true,"href":"https:\/\/morzine-immo.com\/fr\/wp-json\/wp\/v2\/users\/7"}],"replies":[{"embeddable":true,"href":"https:\/\/morzine-immo.com\/fr\/wp-json\/wp\/v2\/comments?post=14905"}],"version-history":[{"count":0,"href":"https:\/\/morzine-immo.com\/fr\/wp-json\/wp\/v2\/pages\/14905\/revisions"}],"up":[{"embeddable":true,"href":"https:\/\/morzine-immo.com\/fr\/wp-json\/wp\/v2\/pages\/10660"}],"wp:attachment":[{"href":"https:\/\/morzine-immo.com\/fr\/wp-json\/wp\/v2\/media?parent=14905"}],"curies":[{"name":"wp","href":"https:\/\/api.w.org\/{rel}","templated":true}]}}