{"id":14858,"date":"2014-07-15T13:25:19","date_gmt":"2014-07-15T13:25:19","guid":{"rendered":"http:\/\/www.morzine-immo.com\/?page_id=14858"},"modified":"2019-10-09T13:30:36","modified_gmt":"2019-10-09T13:30:36","slug":"montriond","status":"publish","type":"page","link":"https:\/\/morzine-immo.com\/fr\/guide-de-la-region-portes-du-soleil\/montriond\/","title":{"rendered":"Montriond"},"content":{"rendered":"<p><img loading=\"lazy\" decoding=\"async\" class=\"alignnone size-full wp-image-431042\" src=\"http:\/\/www.morzine-immo.com\/wp-content\/uploads\/2016\/07\/montriond.jpg\" alt=\"montriond\" width=\"670\" height=\"377\" \/><\/p>\n<p>Petit village anim\u00e9 avec plusieurs commerces ouverts toute l&rsquo;ann\u00e9e.<\/p>\n<p>Un autre atout du village est le passage de la navette gratuite reliant Morzine \u00e0 la t\u00e9l\u00e9cabine d\u2019Ardent (l\u2019acc\u00e8s le plus direct au c\u0153ur des Portes du Soleil)<\/p>\n<p>D\u00fb \u00e0 sa proximit\u00e9 avec Morzine et sa situation si typique, les prix \u00e0 Montriond sont sensiblement les m\u00eames qu\u2019\u00e0 Morzine. C\u2019est un lieu formidable et un march\u00e9 immobilier tr\u00e8s int\u00e9ressant en hiver et en \u00e9t\u00e9.<\/p>\n","protected":false},"excerpt":{"rendered":"Petit village anim\u00e9 avec plusieurs commerces ouverts toute l&rsquo;ann\u00e9e. Un autre atout du village est le passage de la navette gratuite reliant Morzine \u00e0 la t\u00e9l\u00e9cabine d\u2019Ardent (l\u2019acc\u00e8s le plus direct au c\u0153ur des Portes du Soleil) D\u00fb \u00e0 sa proximit\u00e9 avec Morzine et sa situation si typique, les prix \u00e0 Montriond sont sensiblement les&#8230;","protected":false},"author":7,"featured_media":29405,"parent":10662,"menu_order":0,"comment_status":"closed","ping_status":"closed","template":"area-guide.php","meta":{"_acf_changed":false,"footnotes":""},"class_list":["post-14858","page","type-page","status-publish","has-post-thumbnail","hentry"],"acf":[],"_links":{"self":[{"href":"https:\/\/morzine-immo.com\/fr\/wp-json\/wp\/v2\/pages\/14858","targetHints":{"allow":["GET"]}}],"collection":[{"href":"https:\/\/morzine-immo.com\/fr\/wp-json\/wp\/v2\/pages"}],"about":[{"href":"https:\/\/morzine-immo.com\/fr\/wp-json\/wp\/v2\/types\/page"}],"author":[{"embeddable":true,"href":"https:\/\/morzine-immo.com\/fr\/wp-json\/wp\/v2\/users\/7"}],"replies":[{"embeddable":true,"href":"https:\/\/morzine-immo.com\/fr\/wp-json\/wp\/v2\/comments?post=14858"}],"version-history":[{"count":0,"href":"https:\/\/morzine-immo.com\/fr\/wp-json\/wp\/v2\/pages\/14858\/revisions"}],"up":[{"embeddable":true,"href":"https:\/\/morzine-immo.com\/fr\/wp-json\/wp\/v2\/pages\/10662"}],"wp:featuredmedia":[{"embeddable":true,"href":"https:\/\/morzine-immo.com\/fr\/wp-json\/"}],"wp:attachment":[{"href":"https:\/\/morzine-immo.com\/fr\/wp-json\/wp\/v2\/media?parent=14858"}],"curies":[{"name":"wp","href":"https:\/\/api.w.org\/{rel}","templated":true}]}}