{"id":14856,"date":"2014-07-15T13:24:45","date_gmt":"2014-07-15T13:24:45","guid":{"rendered":"http:\/\/www.morzine-immo.com\/?page_id=14856"},"modified":"2019-10-09T13:27:37","modified_gmt":"2019-10-09T13:27:37","slug":"les-gets","status":"publish","type":"page","link":"https:\/\/morzine-immo.com\/fr\/guide-de-la-region-portes-du-soleil\/les-gets\/","title":{"rendered":"Les Gets"},"content":{"rendered":"<p><img loading=\"lazy\" decoding=\"async\" class=\"alignnone size-full wp-image-431041\" src=\"http:\/\/www.morzine-immo.com\/wp-content\/uploads\/2016\/07\/les-gets.jpg\" alt=\"les-gets\" width=\"670\" height=\"377\" \/><\/p>\n<p>Situ\u00e9e \u00e0 une altitude de 1172m, un des villages les plus \u00e9lev\u00e9s dans la r\u00e9gion des Portes du Soleil. Les Gets s\u2019est beaucoup d\u00e9velopp\u00e9 depuis ses origines agricoles et pla\u00eet beaucoup par la beaut\u00e9 de ses paysages.<\/p>\n<p>Les propri\u00e9t\u00e9s sont un m\u00e9lange de fermes savoyardes (pierre en soubassement et grange spectaculaire), de chalets traditionnels mais aussi de r\u00e9sidences plus modernes et r\u00e9cemment construites.<\/p>\n<p>La possibilit\u00e9 de revenir en skis jusqu\u2019au centre du village offre des propri\u00e9t\u00e9s uniques sur le march\u00e9 b\u00e9n\u00e9ficiant de la proximit\u00e9 avec toutes les commodit\u00e9s.<\/p>\n<p>Aussi bien en \u00e9t\u00e9 qu\u2019en hiver, la station offre de belles perspectives de rentabilit\u00e9 aux investisseurs et propri\u00e9taires.<\/p>\n<p>Au centre de la station, \u00a0on y retrouve plus d&rsquo;une centaine de boutiques, de bars et de restaurants (voir carte de la station sur le site) permettant de profiter du village de jour comme de nuit.<\/p>\n<p>Les points cl\u00e9s<\/p>\n<h2>Hiver<\/h2>\n<ul>\n<li>2 t\u00e9l\u00e9cabines partant du centre ville<\/li>\n<li>Retour skis aux pieds dans la station<\/li>\n<li>Un petit train vous ramenant aux r\u00e9sidences apr\u00e8s une longue journ\u00e9e de skis<\/li>\n<li>Bon apr\u00e8s-ski<\/li>\n<li>Plusieurs \u00e9coles de skis adapt\u00e9es \u00e0 tous niveaux<\/li>\n<li>Garderies pour enfants<\/li>\n<\/ul>\n<h2>\u00c9t\u00e9<\/h2>\n<ul>\n<li>Facilit\u00e9 d\u2019acc\u00e8s aux montagnes gr\u00e2ce aux t\u00e9l\u00e9cabines adapt\u00e9es aux vttistes et randonneurs<\/li>\n<li>Magnfique spot de VTT\u00a0: bike park par exemple<\/li>\n<li>Parc aventure\u00a0: une zone d&rsquo;aventure au sommet des arbres<\/li>\n<li>Minigolf, \u00e9quitation, Tennis, p\u00eache\u2026<\/li>\n<li>DEVALKART (descente des pistes en karts) et Trottinherbe<\/li>\n<li>Golf (Les Gets a un magnifique parcours de golf de 18 trous avec vue sur le Mont Blanc et un parcours au c\u0153ur des montagnes)<\/li>\n<\/ul>\n","protected":false},"excerpt":{"rendered":"Situ\u00e9e \u00e0 une altitude de 1172m, un des villages les plus \u00e9lev\u00e9s dans la r\u00e9gion des Portes du Soleil. Les Gets s\u2019est beaucoup d\u00e9velopp\u00e9 depuis ses origines agricoles et pla\u00eet beaucoup par la beaut\u00e9 de ses paysages. Les propri\u00e9t\u00e9s sont un m\u00e9lange de fermes savoyardes (pierre en soubassement et grange spectaculaire), de chalets traditionnels mais&#8230;","protected":false},"author":7,"featured_media":29401,"parent":10662,"menu_order":0,"comment_status":"closed","ping_status":"closed","template":"area-guide.php","meta":{"_acf_changed":false,"footnotes":""},"class_list":["post-14856","page","type-page","status-publish","has-post-thumbnail","hentry"],"acf":[],"_links":{"self":[{"href":"https:\/\/morzine-immo.com\/fr\/wp-json\/wp\/v2\/pages\/14856","targetHints":{"allow":["GET"]}}],"collection":[{"href":"https:\/\/morzine-immo.com\/fr\/wp-json\/wp\/v2\/pages"}],"about":[{"href":"https:\/\/morzine-immo.com\/fr\/wp-json\/wp\/v2\/types\/page"}],"author":[{"embeddable":true,"href":"https:\/\/morzine-immo.com\/fr\/wp-json\/wp\/v2\/users\/7"}],"replies":[{"embeddable":true,"href":"https:\/\/morzine-immo.com\/fr\/wp-json\/wp\/v2\/comments?post=14856"}],"version-history":[{"count":0,"href":"https:\/\/morzine-immo.com\/fr\/wp-json\/wp\/v2\/pages\/14856\/revisions"}],"up":[{"embeddable":true,"href":"https:\/\/morzine-immo.com\/fr\/wp-json\/wp\/v2\/pages\/10662"}],"wp:featuredmedia":[{"embeddable":true,"href":"https:\/\/morzine-immo.com\/fr\/wp-json\/"}],"wp:attachment":[{"href":"https:\/\/morzine-immo.com\/fr\/wp-json\/wp\/v2\/media?parent=14856"}],"curies":[{"name":"wp","href":"https:\/\/api.w.org\/{rel}","templated":true}]}}