{"id":14854,"date":"2014-07-15T13:24:10","date_gmt":"2014-07-15T13:24:10","guid":{"rendered":"http:\/\/www.morzine-immo.com\/?page_id=14854"},"modified":"2019-10-09T13:36:41","modified_gmt":"2019-10-09T13:36:41","slug":"morzine","status":"publish","type":"page","link":"https:\/\/morzine-immo.com\/fr\/guide-de-la-region-portes-du-soleil\/morzine\/","title":{"rendered":"Morzine"},"content":{"rendered":"<p><img loading=\"lazy\" decoding=\"async\" class=\"alignnone wp-image-431043 size-full\" src=\"http:\/\/www.morzine-immo.com\/wp-content\/uploads\/2016\/07\/morzine.jpg\" alt=\"morzine\" width=\"670\" height=\"377\" \/><\/p>\n<p>Station familiale, ce qui en a fait une destination tr\u00e8s populaire pour les familles avec des enfants de tous \u00e2ges. Il n\u2019est donc pas surprenant que les nombreuses installations de la ville profitent aux visiteurs des environs. Nombreux h\u00f4tels, restaurants, magasins de sport, discoth\u00e8que, cin\u00e9ma, de nombreux bars, plusieurs cours de tennis, une patinoire, une piscine avec un bassin de taille olympique (ext\u00e9rieur, et une piscine couverte), un skatepark.<\/p>\n<p>Il n\u2019est donc pas surprenant que les prix de l\u2019immobilier soient parmi les plus \u00e9lev\u00e9s de la r\u00e9gion. Cependant, il y a un choix important de chalets ou appartements adapt\u00e9 \u00e0 toutes les demandes. Si vous pensiez louer une partie de l\u2019ann\u00e9e, Morzine a le march\u00e9 locatif le plus important. M\u00eame si l\u2019hiver reste la p\u00e9riode la plus int\u00e9ressante en mati\u00e8re de location, l\u2019\u00e9t\u00e9 devient une p\u00e9riode de vacances de plus en plus populaire depuis que Morzine met tout en \u0153uvre pour devenir une destination touristique tout au long de l\u2019ann\u00e9e.<\/p>\n<p>Dans tous les cas, si vous voulez vous trouver au c\u0153ur de l\u2019action, Morzine est pour vous.<\/p>\n<h2>L\u2019hiver<\/h2>\n<ul>\n<li>2 t\u00e9l\u00e9cabines partant du centre-ville menant au c\u0153ur du domaine skiable des Portes du Soleil<\/li>\n<li>Un acc\u00e8s direct en t\u00e9l\u00e9ph\u00e9rique \u00e0 Avoriaz (station de ski hupp\u00e9e) et aux Gets<\/li>\n<li>Possibilit\u00e9 de retour \u00e0 la station les skis aux pieds<\/li>\n<li>Un petit train gratuit si vos jambes vous l\u00e2chent<\/li>\n<li>Un apr\u00e8s-ski anim\u00e9<\/li>\n<li>De nombreuses \u00e9coles de ski et snowboards (les cours sont accessibles d\u00e8s 5 ans)<\/li>\n<li>Des gardes d\u2019enfants<\/li>\n<\/ul>\n<h2>L\u2019\u00e9t\u00e9<\/h2>\n<ul>\n<li>Les deux t\u00e9l\u00e9cabines sont ouvertes en \u00e9t\u00e9 pour faciliter l\u2019acc\u00e8s aux sommets. En fait, 24 remont\u00e9es m\u00e9caniques sont ouvertes pour les cyclistes et les randonneurs pour acc\u00e9der \u00e0 tous les secteurs.<\/li>\n<li>Le parc Indiana, un parc d\u2019aventure suspendu dans les arbres<\/li>\n<li>Des balades \u00e0 cheval<\/li>\n<li>2 terrains de golf (18 trous aux Gets)<\/li>\n<\/ul>\n","protected":false},"excerpt":{"rendered":"Station familiale, ce qui en a fait une destination tr\u00e8s populaire pour les familles avec des enfants de tous \u00e2ges. Il n\u2019est donc pas surprenant que les nombreuses installations de la ville profitent aux visiteurs des environs. Nombreux h\u00f4tels, restaurants, magasins de sport, discoth\u00e8que, cin\u00e9ma, de nombreux bars, plusieurs cours de tennis, une patinoire, une&#8230;","protected":false},"author":7,"featured_media":29402,"parent":10662,"menu_order":0,"comment_status":"closed","ping_status":"closed","template":"area-guide.php","meta":{"_acf_changed":false,"footnotes":""},"class_list":["post-14854","page","type-page","status-publish","has-post-thumbnail","hentry"],"acf":[],"_links":{"self":[{"href":"https:\/\/morzine-immo.com\/fr\/wp-json\/wp\/v2\/pages\/14854","targetHints":{"allow":["GET"]}}],"collection":[{"href":"https:\/\/morzine-immo.com\/fr\/wp-json\/wp\/v2\/pages"}],"about":[{"href":"https:\/\/morzine-immo.com\/fr\/wp-json\/wp\/v2\/types\/page"}],"author":[{"embeddable":true,"href":"https:\/\/morzine-immo.com\/fr\/wp-json\/wp\/v2\/users\/7"}],"replies":[{"embeddable":true,"href":"https:\/\/morzine-immo.com\/fr\/wp-json\/wp\/v2\/comments?post=14854"}],"version-history":[{"count":0,"href":"https:\/\/morzine-immo.com\/fr\/wp-json\/wp\/v2\/pages\/14854\/revisions"}],"up":[{"embeddable":true,"href":"https:\/\/morzine-immo.com\/fr\/wp-json\/wp\/v2\/pages\/10662"}],"wp:featuredmedia":[{"embeddable":true,"href":"https:\/\/morzine-immo.com\/fr\/wp-json\/"}],"wp:attachment":[{"href":"https:\/\/morzine-immo.com\/fr\/wp-json\/wp\/v2\/media?parent=14854"}],"curies":[{"name":"wp","href":"https:\/\/api.w.org\/{rel}","templated":true}]}}