{"id":14852,"date":"2014-07-15T13:23:29","date_gmt":"2014-07-15T13:23:29","guid":{"rendered":"http:\/\/www.morzine-immo.com\/?page_id=14852"},"modified":"2019-10-09T13:25:09","modified_gmt":"2019-10-09T13:25:09","slug":"essert-romand","status":"publish","type":"page","link":"https:\/\/morzine-immo.com\/fr\/guide-de-la-region-portes-du-soleil\/essert-romand\/","title":{"rendered":"Essert Romand"},"content":{"rendered":"<p><img loading=\"lazy\" decoding=\"async\" class=\"alignnone size-full wp-image-431039\" src=\"http:\/\/www.morzine-immo.com\/wp-content\/uploads\/2016\/07\/essert.jpg\" alt=\"essert\" width=\"670\" height=\"447\" \/><\/p>\n<p>Le Balad d\u2019Aulps bus passe par le village et vous emm\u00e8ne \u00e0 Morzine ou aux Gets pour 1.5\u20ac.<\/p>\n<p>C\u2019est une destination fabuleuse pour ceux qui veulent le meilleur des deux mondes. La situation du village est id\u00e9ale, puisque la proximit\u00e9 avec Morzine permet de b\u00e9n\u00e9ficier de la ville principale a deux pas de votre maison. Du coup, les prix \u00e0 Essert Romand sont plus hauts que dans tous les autres secteurs en dehors de Morzine. Cependant, le village est toujours rest\u00e9 tr\u00e8s populaire aupr\u00e8s des acheteurs. La plupart des biens immobiliers sont d\u2019anciennes fermes ou de nouveaux b\u00e2timents, les appartements y sont rares.<\/p>\n","protected":false},"excerpt":{"rendered":"Le Balad d\u2019Aulps bus passe par le village et vous emm\u00e8ne \u00e0 Morzine ou aux Gets pour 1.5\u20ac. C\u2019est une destination fabuleuse pour ceux qui veulent le meilleur des deux mondes. La situation du village est id\u00e9ale, puisque la proximit\u00e9 avec Morzine permet de b\u00e9n\u00e9ficier de la ville principale a deux pas de votre maison&#8230;.","protected":false},"author":7,"featured_media":29400,"parent":10662,"menu_order":0,"comment_status":"closed","ping_status":"closed","template":"area-guide.php","meta":{"_acf_changed":false,"footnotes":""},"class_list":["post-14852","page","type-page","status-publish","has-post-thumbnail","hentry"],"acf":[],"_links":{"self":[{"href":"https:\/\/morzine-immo.com\/fr\/wp-json\/wp\/v2\/pages\/14852","targetHints":{"allow":["GET"]}}],"collection":[{"href":"https:\/\/morzine-immo.com\/fr\/wp-json\/wp\/v2\/pages"}],"about":[{"href":"https:\/\/morzine-immo.com\/fr\/wp-json\/wp\/v2\/types\/page"}],"author":[{"embeddable":true,"href":"https:\/\/morzine-immo.com\/fr\/wp-json\/wp\/v2\/users\/7"}],"replies":[{"embeddable":true,"href":"https:\/\/morzine-immo.com\/fr\/wp-json\/wp\/v2\/comments?post=14852"}],"version-history":[{"count":0,"href":"https:\/\/morzine-immo.com\/fr\/wp-json\/wp\/v2\/pages\/14852\/revisions"}],"up":[{"embeddable":true,"href":"https:\/\/morzine-immo.com\/fr\/wp-json\/wp\/v2\/pages\/10662"}],"wp:featuredmedia":[{"embeddable":true,"href":"https:\/\/morzine-immo.com\/fr\/wp-json\/"}],"wp:attachment":[{"href":"https:\/\/morzine-immo.com\/fr\/wp-json\/wp\/v2\/media?parent=14852"}],"curies":[{"name":"wp","href":"https:\/\/api.w.org\/{rel}","templated":true}]}}