{"id":14850,"date":"2014-07-15T13:22:41","date_gmt":"2014-07-15T13:22:41","guid":{"rendered":"http:\/\/www.morzine-immo.com\/?page_id=14850"},"modified":"2019-10-09T13:23:39","modified_gmt":"2019-10-09T13:23:39","slug":"essert-la-pierre","status":"publish","type":"page","link":"https:\/\/morzine-immo.com\/fr\/guide-de-la-region-portes-du-soleil\/essert-la-pierre\/","title":{"rendered":"Essert La Pierre"},"content":{"rendered":"<p><img loading=\"lazy\" decoding=\"async\" class=\"alignnone size-full wp-image-431038\" src=\"http:\/\/www.morzine-immo.com\/wp-content\/uploads\/2016\/07\/essert-la-pierre.jpg\" alt=\"essert-la-pierre\" width=\"670\" height=\"377\" \/><\/p>\n<p>Une ligne de bus est disponible hiver comme \u00e9t\u00e9 et relie le hameau \u00e0 Morzine (5 minutes en bus), \u00e0 la t\u00e9l\u00e9cabine d\u2019Ardent au c\u0153ur des Portes du soleil (10 minutes en bus) et \u00e0 la station de la\u00a0 Grand Terche pour seulement 1.5\u20ac par voyage. (Vous trouverez le trajet de ce bus sur la carte de localisation des propri\u00e9t\u00e9s).<\/p>\n","protected":false},"excerpt":{"rendered":"Une ligne de bus est disponible hiver comme \u00e9t\u00e9 et relie le hameau \u00e0 Morzine (5 minutes en bus), \u00e0 la t\u00e9l\u00e9cabine d\u2019Ardent au c\u0153ur des Portes du soleil (10 minutes en bus) et \u00e0 la station de la\u00a0 Grand Terche pour seulement 1.5\u20ac par voyage. (Vous trouverez le trajet de ce bus sur la&#8230;","protected":false},"author":7,"featured_media":29399,"parent":10662,"menu_order":0,"comment_status":"closed","ping_status":"closed","template":"area-guide.php","meta":{"_acf_changed":false,"footnotes":""},"class_list":["post-14850","page","type-page","status-publish","has-post-thumbnail","hentry"],"acf":[],"_links":{"self":[{"href":"https:\/\/morzine-immo.com\/fr\/wp-json\/wp\/v2\/pages\/14850","targetHints":{"allow":["GET"]}}],"collection":[{"href":"https:\/\/morzine-immo.com\/fr\/wp-json\/wp\/v2\/pages"}],"about":[{"href":"https:\/\/morzine-immo.com\/fr\/wp-json\/wp\/v2\/types\/page"}],"author":[{"embeddable":true,"href":"https:\/\/morzine-immo.com\/fr\/wp-json\/wp\/v2\/users\/7"}],"replies":[{"embeddable":true,"href":"https:\/\/morzine-immo.com\/fr\/wp-json\/wp\/v2\/comments?post=14850"}],"version-history":[{"count":0,"href":"https:\/\/morzine-immo.com\/fr\/wp-json\/wp\/v2\/pages\/14850\/revisions"}],"up":[{"embeddable":true,"href":"https:\/\/morzine-immo.com\/fr\/wp-json\/wp\/v2\/pages\/10662"}],"wp:featuredmedia":[{"embeddable":true,"href":"https:\/\/morzine-immo.com\/fr\/wp-json\/"}],"wp:attachment":[{"href":"https:\/\/morzine-immo.com\/fr\/wp-json\/wp\/v2\/media?parent=14850"}],"curies":[{"name":"wp","href":"https:\/\/api.w.org\/{rel}","templated":true}]}}