{"id":14847,"date":"2014-07-15T13:22:05","date_gmt":"2014-07-15T13:22:05","guid":{"rendered":"http:\/\/www.morzine-immo.com\/?page_id=14847"},"modified":"2019-10-09T13:21:43","modified_gmt":"2019-10-09T13:21:43","slug":"bas-thex","status":"publish","type":"page","link":"https:\/\/morzine-immo.com\/fr\/guide-de-la-region-portes-du-soleil\/bas-thex\/","title":{"rendered":"Bas Thex"},"content":{"rendered":"<p><img loading=\"lazy\" decoding=\"async\" class=\"alignnone size-full wp-image-431036\" src=\"http:\/\/www.morzine-immo.com\/wp-content\/uploads\/2016\/07\/basthex.jpg\" alt=\"basthex\" width=\"670\" height=\"447\" \/><\/p>\n<p>Avec en arri\u00e8re-plan le rocher d\u2019escalade la \u201cT\u00e8te de l\u2019El\u00e9phant\u201d, et situ\u00e9 sur la Route Imp\u00e9riale de Napol\u00e9on qui relie la Vall\u00e9e D\u2019Aulps \u00e0 Morzine, le Bas Thex offre un acc\u00e8s incomparable \u00e0 la nature et au grand air, au pas de votre porte .<\/p>\n<p>Etant situ\u00e9 si proche de St Jean d\u2019Aulps, le Bas Thex profite de toutes les commodit\u00e9s du village tout en profitant d\u2019une totale tranquillit\u00e9. A seulement 10 minutes de Morzine et la t\u00e9l\u00e9cabine d\u2019Ardent, c\u2019est aussi \u00e0 seulement 5 minutes de la Grande Terche. Le Bas Thex se trouve aussi sur la route de la navette qui relie Morzine, la t\u00e9l\u00e9cabine d\u2019Ardent (les Portes du Soleil) et la Grande Terche.<\/p>\n","protected":false},"excerpt":{"rendered":"Avec en arri\u00e8re-plan le rocher d\u2019escalade la \u201cT\u00e8te de l\u2019El\u00e9phant\u201d, et situ\u00e9 sur la Route Imp\u00e9riale de Napol\u00e9on qui relie la Vall\u00e9e D\u2019Aulps \u00e0 Morzine, le Bas Thex offre un acc\u00e8s incomparable \u00e0 la nature et au grand air, au pas de votre porte . Etant situ\u00e9 si proche de St Jean d\u2019Aulps, le Bas&#8230;","protected":false},"author":7,"featured_media":29397,"parent":10662,"menu_order":0,"comment_status":"closed","ping_status":"closed","template":"area-guide.php","meta":{"_acf_changed":false,"footnotes":""},"class_list":["post-14847","page","type-page","status-publish","has-post-thumbnail","hentry"],"acf":[],"_links":{"self":[{"href":"https:\/\/morzine-immo.com\/fr\/wp-json\/wp\/v2\/pages\/14847","targetHints":{"allow":["GET"]}}],"collection":[{"href":"https:\/\/morzine-immo.com\/fr\/wp-json\/wp\/v2\/pages"}],"about":[{"href":"https:\/\/morzine-immo.com\/fr\/wp-json\/wp\/v2\/types\/page"}],"author":[{"embeddable":true,"href":"https:\/\/morzine-immo.com\/fr\/wp-json\/wp\/v2\/users\/7"}],"replies":[{"embeddable":true,"href":"https:\/\/morzine-immo.com\/fr\/wp-json\/wp\/v2\/comments?post=14847"}],"version-history":[{"count":0,"href":"https:\/\/morzine-immo.com\/fr\/wp-json\/wp\/v2\/pages\/14847\/revisions"}],"up":[{"embeddable":true,"href":"https:\/\/morzine-immo.com\/fr\/wp-json\/wp\/v2\/pages\/10662"}],"wp:featuredmedia":[{"embeddable":true,"href":"https:\/\/morzine-immo.com\/fr\/wp-json\/"}],"wp:attachment":[{"href":"https:\/\/morzine-immo.com\/fr\/wp-json\/wp\/v2\/media?parent=14847"}],"curies":[{"name":"wp","href":"https:\/\/api.w.org\/{rel}","templated":true}]}}