{"id":14845,"date":"2014-07-15T13:21:40","date_gmt":"2014-07-15T13:21:40","guid":{"rendered":"http:\/\/www.morzine-immo.com\/?page_id=14845"},"modified":"2019-10-09T13:40:12","modified_gmt":"2019-10-09T13:40:12","slug":"seytroux","status":"publish","type":"page","link":"https:\/\/morzine-immo.com\/fr\/guide-de-la-region-portes-du-soleil\/seytroux\/","title":{"rendered":"Seytroux"},"content":{"rendered":"<p><img loading=\"lazy\" decoding=\"async\" class=\"alignnone size-full wp-image-431045\" src=\"http:\/\/www.morzine-immo.com\/wp-content\/uploads\/2016\/07\/seytroux.jpg\" alt=\"seytroux\" width=\"670\" height=\"377\" \/><\/p>\n<p>Le bar-restaurant situ\u00e9 en bord de rivi\u00e8re comprennant un terrain de mini-golf offre un lieu magnifique pour profiter des longues soir\u00e9es ensoleill\u00e9s de l\u2019\u00e9t\u00e9.<\/p>\n<p>Une voiture est essentielle ici car le village ne se trouve pas sur la route de la navette, n\u00e9anmoins il est \u00e0 seulement 10 minutes de la Grande Terche et 20 minutes de la t\u00e9l\u00e9cabine d\u2019Ardent.<\/p>\n<p>Les propri\u00e9t\u00e9s que l\u2019on peut trouver \u00e0 Seytroux sont de spectaculaires fermes traditionnelles, des projets de r\u00e9novation et des nouvelles constructions. C\u2019est l\u2019endroit parfait si vous r\u00eavez de vous lancer dans un projet de r\u00e9novation. Les prix sont tr\u00e8s raisonnables compar\u00e9s au standing des propri\u00e9t\u00e9s que l\u2019on y trouve.<\/p>\n","protected":false},"excerpt":{"rendered":"Le bar-restaurant situ\u00e9 en bord de rivi\u00e8re comprennant un terrain de mini-golf offre un lieu magnifique pour profiter des longues soir\u00e9es ensoleill\u00e9s de l\u2019\u00e9t\u00e9. Une voiture est essentielle ici car le village ne se trouve pas sur la route de la navette, n\u00e9anmoins il est \u00e0 seulement 10 minutes de la Grande Terche et 20&#8230;","protected":false},"author":7,"featured_media":29406,"parent":10662,"menu_order":0,"comment_status":"closed","ping_status":"closed","template":"area-guide.php","meta":{"_acf_changed":false,"footnotes":""},"class_list":["post-14845","page","type-page","status-publish","has-post-thumbnail","hentry"],"acf":[],"_links":{"self":[{"href":"https:\/\/morzine-immo.com\/fr\/wp-json\/wp\/v2\/pages\/14845","targetHints":{"allow":["GET"]}}],"collection":[{"href":"https:\/\/morzine-immo.com\/fr\/wp-json\/wp\/v2\/pages"}],"about":[{"href":"https:\/\/morzine-immo.com\/fr\/wp-json\/wp\/v2\/types\/page"}],"author":[{"embeddable":true,"href":"https:\/\/morzine-immo.com\/fr\/wp-json\/wp\/v2\/users\/7"}],"replies":[{"embeddable":true,"href":"https:\/\/morzine-immo.com\/fr\/wp-json\/wp\/v2\/comments?post=14845"}],"version-history":[{"count":0,"href":"https:\/\/morzine-immo.com\/fr\/wp-json\/wp\/v2\/pages\/14845\/revisions"}],"up":[{"embeddable":true,"href":"https:\/\/morzine-immo.com\/fr\/wp-json\/wp\/v2\/pages\/10662"}],"wp:featuredmedia":[{"embeddable":true,"href":"https:\/\/morzine-immo.com\/fr\/wp-json\/"}],"wp:attachment":[{"href":"https:\/\/morzine-immo.com\/fr\/wp-json\/wp\/v2\/media?parent=14845"}],"curies":[{"name":"wp","href":"https:\/\/api.w.org\/{rel}","templated":true}]}}