{"id":14841,"date":"2014-07-15T13:20:37","date_gmt":"2014-07-15T13:20:37","guid":{"rendered":"http:\/\/www.morzine-immo.com\/?page_id=14841"},"modified":"2019-10-09T13:22:51","modified_gmt":"2019-10-09T13:22:51","slug":"cote-darbroz","status":"publish","type":"page","link":"https:\/\/morzine-immo.com\/fr\/guide-de-la-region-portes-du-soleil\/cote-darbroz\/","title":{"rendered":"Cote d&rsquo;Arbroz"},"content":{"rendered":"<p><img loading=\"lazy\" decoding=\"async\" class=\"alignnone size-full wp-image-431037\" src=\"http:\/\/www.morzine-immo.com\/wp-content\/uploads\/2016\/07\/cote-darbroz.jpg\" alt=\"cote-darbroz\" width=\"670\" height=\"377\" \/><\/p>\n<p>Les avantages du village sont sa situation \u00e0 proximit\u00e9 des principales stations de skis \u00a0(5 minutes en voiture de Morzine) et son t\u00e9l\u00e9si\u00e8ge au Col de l\u2019Encrenaz, pour acc\u00e9der au domaine skiable de Les Gets et des Portes du Soleil.<\/p>\n<p>Le village est compos\u00e9 de nombreuses fermes authentiques mais aussi de chalets traditionnels et de chalets neufs de standing. Il y a de belles opportunit\u00e9s d\u2019acqu\u00e9rir des propri\u00e9t\u00e9s \u00e0 r\u00e9nover permettant de cr\u00e9er et r\u00e9aliser le projet dont vous r\u00eavez.<\/p>\n<p>Le village compte 3 restaurants dont un ouvert \u00e0 l\u2019ann\u00e9e ainsi qu\u2019un bar et une \u00e9picerie.<\/p>\n","protected":false},"excerpt":{"rendered":"Les avantages du village sont sa situation \u00e0 proximit\u00e9 des principales stations de skis \u00a0(5 minutes en voiture de Morzine) et son t\u00e9l\u00e9si\u00e8ge au Col de l\u2019Encrenaz, pour acc\u00e9der au domaine skiable de Les Gets et des Portes du Soleil. Le village est compos\u00e9 de nombreuses fermes authentiques mais aussi de chalets traditionnels et de&#8230;","protected":false},"author":7,"featured_media":29408,"parent":10662,"menu_order":0,"comment_status":"closed","ping_status":"closed","template":"area-guide.php","meta":{"_acf_changed":false,"footnotes":""},"class_list":["post-14841","page","type-page","status-publish","has-post-thumbnail","hentry"],"acf":[],"_links":{"self":[{"href":"https:\/\/morzine-immo.com\/fr\/wp-json\/wp\/v2\/pages\/14841","targetHints":{"allow":["GET"]}}],"collection":[{"href":"https:\/\/morzine-immo.com\/fr\/wp-json\/wp\/v2\/pages"}],"about":[{"href":"https:\/\/morzine-immo.com\/fr\/wp-json\/wp\/v2\/types\/page"}],"author":[{"embeddable":true,"href":"https:\/\/morzine-immo.com\/fr\/wp-json\/wp\/v2\/users\/7"}],"replies":[{"embeddable":true,"href":"https:\/\/morzine-immo.com\/fr\/wp-json\/wp\/v2\/comments?post=14841"}],"version-history":[{"count":0,"href":"https:\/\/morzine-immo.com\/fr\/wp-json\/wp\/v2\/pages\/14841\/revisions"}],"up":[{"embeddable":true,"href":"https:\/\/morzine-immo.com\/fr\/wp-json\/wp\/v2\/pages\/10662"}],"wp:featuredmedia":[{"embeddable":true,"href":"https:\/\/morzine-immo.com\/fr\/wp-json\/"}],"wp:attachment":[{"href":"https:\/\/morzine-immo.com\/fr\/wp-json\/wp\/v2\/media?parent=14841"}],"curies":[{"name":"wp","href":"https:\/\/api.w.org\/{rel}","templated":true}]}}