{"id":14839,"date":"2014-07-15T13:20:03","date_gmt":"2014-07-15T13:20:03","guid":{"rendered":"http:\/\/www.morzine-immo.com\/?page_id=14839"},"modified":"2019-10-09T13:42:32","modified_gmt":"2019-10-09T13:42:32","slug":"st-jean-daulps-la-grand-terche","status":"publish","type":"page","link":"https:\/\/morzine-immo.com\/fr\/guide-de-la-region-portes-du-soleil\/st-jean-daulps-la-grand-terche\/","title":{"rendered":"St Jean D\u2019Aulps &#038; La Grand Terche"},"content":{"rendered":"<p><img loading=\"lazy\" decoding=\"async\" class=\"alignnone size-full wp-image-431046\" src=\"http:\/\/www.morzine-immo.com\/wp-content\/uploads\/2016\/07\/stjean.jpg\" alt=\"stjean\" width=\"670\" height=\"447\" \/><\/p>\n<p>De nombreuses f\u00eates publiques sont tenues \u00e0 St Jean d\u2019Aulps durant toute l\u2019ann\u00e9e, de la \u00ab\u00a0foire aux vins\u00a0\u00bb (une f\u00eate de 2 jours\u00a0!), une foire m\u00e9di\u00e9vale tenue dans le parc de l\u2019historique Abbaye d\u2019Aulps, en passant par les festivals d\u2019Accord\u00e9on, et la f\u00eate du Miel et de l&rsquo;Abeille, une grande source d\u2019amusement.<\/p>\n<p>La t\u00e9l\u00e9cabine\u00a0 d\u2019Ardent, \u00e0 seulement 10 minutes en voiture, vous relie directement aux Portes du Soleil (la t\u00e9l\u00e9cabine fournit un acc\u00e8s tellement rapide que de nombreuses personnes de Morzine s\u2019y rendent en voiture\u00a0!)<\/p>\n<p>Il y a un service de bus r\u00e9gulier du centre de St Jean d\u2019Aulps qui vous emm\u00e8ne \u00e0 Morzine, Les Gets ou \u00e0 Ardent pour seulement 1.5\u20ac le trajet.<\/p>\n<p>La ville b\u00e9n\u00e9ficie de sa propre station de ski d\u00e9nomm\u00e9e la Grande Terche. Avec 30 km de pistes cette station familiale offre un ski nature sur des\u00a0pistes adapt\u00e9es \u00e0 tous les niveaux.<\/p>\n<p>Il y a \u00e9galement une navette gratuite qui relie le centre du village \u00e0 la station de\u00a0la Grande Terche.<\/p>\n<p>St Jean d\u2019Aulps est devenu tr\u00e8s populaire aupr\u00e8s des acheteurs britanniques qui comprennent que l\u2019on peut acheter \u00e0 montant \u00e9quivalent une plus grande propri\u00e9t\u00e9 qu\u2019\u00e0 Morzine sans perdre les avantages de la r\u00e9gion. Les propri\u00e9t\u00e9s ici varient entre fermes traditionnelles et chalets nouvellement construits.<\/p>\n<p>La Grande Terche qui surplombe St Jean d\u2019Aulps offre de nombreuses possibilit\u00e9s d\u2019achat d\u2019appartements et cela \u00e0 des prix tr\u00e8s abordables. Il y a de nombreux bars et restaurants \u00e0 la Grande Terche, tr\u00e8s populaire pour les gens du pays au moment de l\u2019apr\u00e8s ski.<\/p>\n<p>La Grande Terche a \u00e9galement sa propre \u00e9cole de ski g\u00e9r\u00e9e par l\u2019ESF (Ecole du Ski Francais)<\/p>\n","protected":false},"excerpt":{"rendered":"De nombreuses f\u00eates publiques sont tenues \u00e0 St Jean d\u2019Aulps durant toute l\u2019ann\u00e9e, de la \u00ab\u00a0foire aux vins\u00a0\u00bb (une f\u00eate de 2 jours\u00a0!), une foire m\u00e9di\u00e9vale tenue dans le parc de l\u2019historique Abbaye d\u2019Aulps, en passant par les festivals d\u2019Accord\u00e9on, et la f\u00eate du Miel et de l&rsquo;Abeille, une grande source d\u2019amusement. La t\u00e9l\u00e9cabine\u00a0 d\u2019Ardent,&#8230;","protected":false},"author":7,"featured_media":29404,"parent":10662,"menu_order":0,"comment_status":"closed","ping_status":"closed","template":"area-guide.php","meta":{"_acf_changed":false,"footnotes":""},"class_list":["post-14839","page","type-page","status-publish","has-post-thumbnail","hentry"],"acf":[],"_links":{"self":[{"href":"https:\/\/morzine-immo.com\/fr\/wp-json\/wp\/v2\/pages\/14839","targetHints":{"allow":["GET"]}}],"collection":[{"href":"https:\/\/morzine-immo.com\/fr\/wp-json\/wp\/v2\/pages"}],"about":[{"href":"https:\/\/morzine-immo.com\/fr\/wp-json\/wp\/v2\/types\/page"}],"author":[{"embeddable":true,"href":"https:\/\/morzine-immo.com\/fr\/wp-json\/wp\/v2\/users\/7"}],"replies":[{"embeddable":true,"href":"https:\/\/morzine-immo.com\/fr\/wp-json\/wp\/v2\/comments?post=14839"}],"version-history":[{"count":0,"href":"https:\/\/morzine-immo.com\/fr\/wp-json\/wp\/v2\/pages\/14839\/revisions"}],"up":[{"embeddable":true,"href":"https:\/\/morzine-immo.com\/fr\/wp-json\/wp\/v2\/pages\/10662"}],"wp:featuredmedia":[{"embeddable":true,"href":"https:\/\/morzine-immo.com\/fr\/wp-json\/"}],"wp:attachment":[{"href":"https:\/\/morzine-immo.com\/fr\/wp-json\/wp\/v2\/media?parent=14839"}],"curies":[{"name":"wp","href":"https:\/\/api.w.org\/{rel}","templated":true}]}}