{"id":14775,"date":"2014-07-14T11:28:33","date_gmt":"2014-07-14T11:28:33","guid":{"rendered":"http:\/\/www.morzine-immo.com\/?page_id=14775"},"modified":"2016-07-25T14:21:19","modified_gmt":"2016-07-25T14:21:19","slug":"vous-navez-pas-le-temps","status":"publish","type":"page","link":"https:\/\/morzine-immo.com\/fr\/vous-navez-pas-le-temps\/","title":{"rendered":"Vous n&rsquo;avez pas le temps?"},"content":{"rendered":"<script type=\"text\/javascript\">\n\/* <![CDATA[ *\/\nvar gform;gform||(document.addEventListener(\"gform_main_scripts_loaded\",function(){gform.scriptsLoaded=!0}),document.addEventListener(\"gform\/theme\/scripts_loaded\",function(){gform.themeScriptsLoaded=!0}),window.addEventListener(\"DOMContentLoaded\",function(){gform.domLoaded=!0}),gform={domLoaded:!1,scriptsLoaded:!1,themeScriptsLoaded:!1,isFormEditor:()=>\"function\"==typeof InitializeEditor,callIfLoaded:function(o){return!(!gform.domLoaded||!gform.scriptsLoaded||!gform.themeScriptsLoaded&&!gform.isFormEditor()||(gform.isFormEditor()&&console.warn(\"The use of gform.initializeOnLoaded() is deprecated in the form editor context and will be removed in Gravity Forms 3.1.\"),o(),0))},initializeOnLoaded:function(o){gform.callIfLoaded(o)||(document.addEventListener(\"gform_main_scripts_loaded\",()=>{gform.scriptsLoaded=!0,gform.callIfLoaded(o)}),document.addEventListener(\"gform\/theme\/scripts_loaded\",()=>{gform.themeScriptsLoaded=!0,gform.callIfLoaded(o)}),window.addEventListener(\"DOMContentLoaded\",()=>{gform.domLoaded=!0,gform.callIfLoaded(o)}))},hooks:{action:{},filter:{}},addAction:function(o,r,e,t){gform.addHook(\"action\",o,r,e,t)},addFilter:function(o,r,e,t){gform.addHook(\"filter\",o,r,e,t)},doAction:function(o){gform.doHook(\"action\",o,arguments)},applyFilters:function(o){return gform.doHook(\"filter\",o,arguments)},removeAction:function(o,r){gform.removeHook(\"action\",o,r)},removeFilter:function(o,r,e){gform.removeHook(\"filter\",o,r,e)},addHook:function(o,r,e,t,n){null==gform.hooks[o][r]&&(gform.hooks[o][r]=[]);var d=gform.hooks[o][r];null==n&&(n=r+\"_\"+d.length),gform.hooks[o][r].push({tag:n,callable:e,priority:t=null==t?10:t})},doHook:function(r,o,e){var t;if(e=Array.prototype.slice.call(e,1),null!=gform.hooks[r][o]&&((o=gform.hooks[r][o]).sort(function(o,r){return o.priority-r.priority}),o.forEach(function(o){\"function\"!=typeof(t=o.callable)&&(t=window[t]),\"action\"==r?t.apply(null,e):e[0]=t.apply(null,e)})),\"filter\"==r)return e[0]},removeHook:function(o,r,t,n){var e;null!=gform.hooks[o][r]&&(e=(e=gform.hooks[o][r]).filter(function(o,r,e){return!!(null!=n&&n!=o.tag||null!=t&&t!=o.priority)}),gform.hooks[o][r]=e)}});\n\/* ]]> *\/\n<\/script>\n\n                <div class='gf_browser_gecko gform_wrapper gform_legacy_markup_wrapper gform-theme--no-framework' data-form-theme='legacy' data-form-index='0' id='gform_wrapper_4' style='display:none'><form method='post' enctype='multipart\/form-data'  id='gform_4'  action='\/fr\/wp-json\/wp\/v2\/pages\/14775' data-formid='4' novalidate>\n                        <div class='gform-body gform_body'><ul id='gform_fields_4' class='gform_fields left_label form_sublabel_below description_below validation_below'><li id=\"field_4_21\" class=\"gfield gfield--type-honeypot gform_validation_container field_sublabel_below gfield--has-description field_description_below field_validation_below gfield_visibility_visible\"  ><label class='gfield_label gform-field-label' for='input_4_21'>URL<\/label><div class='ginput_container'><input name='input_21' id='input_4_21' type='text' value='' autocomplete='new-password'\/><\/div><div class='gfield_description' id='gfield_description_4_21'>Ce champ n\u2019est utilis\u00e9 qu\u2019\u00e0 des fins de validation et devrait rester inchang\u00e9.<\/div><\/li><li id=\"field_4_11\" class=\"gfield gfield--type-radio gfield--type-choice gfield_contains_required field_sublabel_below gfield--no-description field_description_below field_validation_below gfield_visibility_visible\"  ><label class='gfield_label gform-field-label' >Je suis \u00e0 la recherche de<span class=\"gfield_required\"><span class=\"gfield_required gfield_required_asterisk\">*<\/span><\/span><\/label><div class='ginput_container ginput_container_radio'><ul class='gfield_radio' id='input_4_11'>\n\t\t\t<li class='gchoice gchoice_4_11_0'>\n\t\t\t\t<input name='input_11' type='radio' value='Propri\u00e9t\u00e9s \u00e0 vendre' checked='checked' id='choice_4_11_0'    \/>\n\t\t\t\t<label for='choice_4_11_0' id='label_4_11_0' class='gform-field-label gform-field-label--type-inline'>Propri\u00e9t\u00e9s \u00e0 vendre<\/label>\n\t\t\t<\/li>\n\t\t\t<li class='gchoice gchoice_4_11_1'>\n\t\t\t\t<input name='input_11' type='radio' value='Propri\u00e9t\u00e9s \u00e0 louer'  id='choice_4_11_1'    \/>\n\t\t\t\t<label for='choice_4_11_1' id='label_4_11_1' class='gform-field-label gform-field-label--type-inline'>Propri\u00e9t\u00e9s \u00e0 louer<\/label>\n\t\t\t<\/li><\/ul><\/div><\/li><li id=\"field_4_1\" class=\"gfield gfield--type-name gfield_contains_required field_sublabel_below gfield--no-description field_description_below field_validation_below gfield_visibility_visible\"  ><label class='gfield_label gform-field-label' >Nom<span class=\"gfield_required\"><span class=\"gfield_required gfield_required_asterisk\">*<\/span><\/span><\/label><div class='ginput_container ginput_container_name'>\n                                    <input name='input_1' id='input_4_1' type='text' value='' class='medium'   aria-required=\"true\" aria-invalid=\"false\"   \/>\n                                <\/div><\/li><li id=\"field_4_2\" class=\"gfield gfield--type-email gfield_contains_required field_sublabel_below gfield--no-description field_description_below field_validation_below gfield_visibility_visible\"  ><label class='gfield_label gform-field-label' for='input_4_2'>Email<span class=\"gfield_required\"><span class=\"gfield_required gfield_required_asterisk\">*<\/span><\/span><\/label><div class='ginput_container ginput_container_email'>\n                            <input name='input_2' id='input_4_2' type='email' value='' class='medium'    aria-required=\"true\" aria-invalid=\"false\"  \/>\n                        <\/div><\/li><li id=\"field_4_20\" class=\"gfield gfield--type-text gfield_contains_required field_sublabel_below gfield--no-description field_description_below field_validation_below gfield_visibility_visible\"  ><label class='gfield_label gform-field-label' for='input_4_20'>Phone<span class=\"gfield_required\"><span class=\"gfield_required gfield_required_asterisk\">*<\/span><\/span><\/label><div class='ginput_container ginput_container_text'><input name='input_20' id='input_4_20' type='text' value='' class='medium'     aria-required=\"true\" aria-invalid=\"false\"   \/><\/div><\/li><li id=\"field_4_3\" class=\"gfield gfield--type-select field_sublabel_below gfield--no-description field_description_below field_validation_below gfield_visibility_visible\"  ><label class='gfield_label gform-field-label' for='input_4_3'>O\u00f9<\/label><div class='ginput_container ginput_container_select'><select name='input_3' id='input_4_3' class='medium gfield_select'     aria-invalid=\"false\" ><option value='Toute la r\u00e9gion' >Toute la r\u00e9gion<\/option><option value='Essert Romand' >Essert Romand<\/option><option value='La Cote d-Arbroz' >La Cote d-Arbroz<\/option><option value='Le Biot' >Le Biot<\/option><option value='Les Gets' >Les Gets<\/option><option value='Montriond' >Montriond<\/option><option value='Morzine' >Morzine<\/option><option value='Saint Jean d&#039;Aulps' >Saint Jean d&#039;Aulps<\/option><option value='Seytroux' >Seytroux<\/option><\/select><\/div><\/li><li id=\"field_4_4\" class=\"gfield gfield--type-select field_sublabel_below gfield--no-description field_description_below field_validation_below gfield_visibility_visible\"  ><label class='gfield_label gform-field-label' for='input_4_4'>Type de biens<\/label><div class='ginput_container ginput_container_select'><select name='input_4' id='input_4_4' class='medium gfield_select'     aria-invalid=\"false\" ><option value='Type de biens' >Type de biens<\/option><option value='Appartement' >Appartement<\/option><option value='Chalet' >Chalet<\/option><option value='Ferme' >Ferme<\/option><option value='Terrain \u00e0 b\u00e2tir' >Terrain \u00e0 b\u00e2tir<\/option><option value='Programme neuf' >Programme neuf<\/option><\/select><\/div><\/li><li id=\"field_4_5\" class=\"gfield gfield--type-section gsection field_sublabel_below gfield--no-description field_description_below field_validation_below gfield_visibility_visible\"  ><h2 class=\"gsection_title\"><\/h2><\/li><li id=\"field_4_6\" class=\"gfield gfield--type-select field_sublabel_below gfield--no-description field_description_below field_validation_below gfield_visibility_visible\"  ><label class='gfield_label gform-field-label' for='input_4_6'>Prix minimum<\/label><div class='ginput_container ginput_container_select'><select name='input_6' id='input_4_6' class='medium gfield_select'     aria-invalid=\"false\" ><option value='Moins que \u20ac100,000' >Moins que \u20ac100,000<\/option><option value='\u20ac200,000' >\u20ac200,000<\/option><option value='\u20ac400,000' >\u20ac400,000<\/option><option value='\u20ac600,000' >\u20ac600,000<\/option><option value='\u20ac800,000' >\u20ac800,000<\/option><option value='\u20ac1,000,000' >\u20ac1,000,000<\/option><option value='\u20ac1,500,000' >\u20ac1,500,000<\/option><option value='\u20ac2,000,000+' >\u20ac2,000,000+<\/option><\/select><\/div><\/li><li id=\"field_4_7\" class=\"gfield gfield--type-select field_sublabel_below gfield--no-description field_description_below field_validation_below gfield_visibility_visible\"  ><label class='gfield_label gform-field-label' for='input_4_7'>Prix maximum<\/label><div class='ginput_container ginput_container_select'><select name='input_7' id='input_4_7' class='medium gfield_select'     aria-invalid=\"false\" ><option value='\u20ac200,000' >\u20ac200,000<\/option><option value='\u20ac400,000' >\u20ac400,000<\/option><option value='\u20ac600,000' >\u20ac600,000<\/option><option value='\u20ac800,000' >\u20ac800,000<\/option><option value='\u20ac1,000,000' >\u20ac1,000,000<\/option><option value='\u20ac1,500,000' >\u20ac1,500,000<\/option><option value='\u20ac2,000,000+' >\u20ac2,000,000+<\/option><\/select><\/div><\/li><li id=\"field_4_8\" class=\"gfield gfield--type-select field_sublabel_below gfield--no-description field_description_below field_validation_below gfield_visibility_visible\"  ><label class='gfield_label gform-field-label' for='input_4_8'>Chambres<\/label><div class='ginput_container ginput_container_select'><select name='input_8' id='input_4_8' class='medium gfield_select'     aria-invalid=\"false\" ><option value='1' >1<\/option><option value='2' >2<\/option><option value='3' >3<\/option><option value='4' >4<\/option><option value='5' >5<\/option><option value='6+' >6+<\/option><\/select><\/div><\/li><li id=\"field_4_17\" class=\"gfield gfield--type-select field_sublabel_below gfield--no-description field_description_below field_validation_below gfield_visibility_visible\"  ><label class='gfield_label gform-field-label' for='input_4_17'>Adultes<\/label><div class='ginput_container ginput_container_select'><select name='input_17' id='input_4_17' class='medium gfield_select'     aria-invalid=\"false\" ><option value='1' >1<\/option><option value='2' >2<\/option><option value='3' >3<\/option><option value='4' >4<\/option><option value='5' >5<\/option><option value='6' >6<\/option><option value='7' >7<\/option><option value='8' >8<\/option><option value='9' >9<\/option><option value='10' >10<\/option><option value='11' >11<\/option><option value='12' >12<\/option><option value='13' >13<\/option><option value='14' >14<\/option><option value='15' >15<\/option><option value='16' >16<\/option><option value='17' >17<\/option><option value='18' >18<\/option><option value='19' >19<\/option><option value='20' >20<\/option><\/select><\/div><\/li><li id=\"field_4_18\" class=\"gfield gfield--type-select field_sublabel_below gfield--no-description field_description_below field_validation_below gfield_visibility_visible\"  ><label class='gfield_label gform-field-label' for='input_4_18'>Enfants<\/label><div class='ginput_container ginput_container_select'><select name='input_18' id='input_4_18' class='medium gfield_select'     aria-invalid=\"false\" ><option value='1' >1<\/option><option value='2' >2<\/option><option value='3' >3<\/option><option value='4' >4<\/option><option value='5' >5<\/option><option value='6' >6<\/option><option value='7' >7<\/option><option value='8' >8<\/option><option value='9' >9<\/option><option value='10' >10<\/option><\/select><\/div><\/li><li id=\"field_4_12\" class=\"gfield gfield--type-date gfield--input-type-datepicker gfield--datepicker-default-icon field_sublabel_below gfield--no-description field_description_below field_validation_below gfield_visibility_visible\"  ><label class='gfield_label gform-field-label' for='input_4_12'>Date \u00e0 partir de<\/label><div class='ginput_container ginput_container_date'>\n                            <input name='input_12' id='input_4_12' type='text' value='' class='datepicker gform-datepicker mdy datepicker_with_icon gdatepicker_with_icon'   placeholder='mm\/jj\/aaaa' aria-describedby=\"input_4_12_date_format\" aria-invalid=\"false\" \/>\n                            <span id='input_4_12_date_format' class='screen-reader-text'>MM slash JJ slash AAAA<\/span>\n                        <\/div>\n                        <input type='hidden' id='gforms_calendar_icon_input_4_12' class='gform_hidden' value='https:\/\/morzine-immo.com\/wp-content\/plugins\/gravityforms\/images\/datepicker\/datepicker.svg'\/><\/li><li id=\"field_4_13\" class=\"gfield gfield--type-date gfield--input-type-datepicker gfield--datepicker-default-icon field_sublabel_below gfield--no-description field_description_below field_validation_below gfield_visibility_visible\"  ><label class='gfield_label gform-field-label' for='input_4_13'>Dur\u00e9e jusqu&#039;\u00e0<\/label><div class='ginput_container ginput_container_date'>\n                            <input name='input_13' id='input_4_13' type='text' value='' class='datepicker gform-datepicker mdy datepicker_with_icon gdatepicker_with_icon'   placeholder='mm\/jj\/aaaa' aria-describedby=\"input_4_13_date_format\" aria-invalid=\"false\" \/>\n                            <span id='input_4_13_date_format' class='screen-reader-text'>MM slash JJ slash AAAA<\/span>\n                        <\/div>\n                        <input type='hidden' id='gforms_calendar_icon_input_4_13' class='gform_hidden' value='https:\/\/morzine-immo.com\/wp-content\/plugins\/gravityforms\/images\/datepicker\/datepicker.svg'\/><\/li><li id=\"field_4_14\" class=\"gfield gfield--type-select field_sublabel_below gfield--no-description field_description_below field_validation_below gfield_visibility_visible\"  ><label class='gfield_label gform-field-label' for='input_4_14'>Dur\u00e9e<\/label><div class='ginput_container ginput_container_select'><select name='input_14' id='input_4_14' class='medium gfield_select'     aria-invalid=\"false\" ><option value='2 Nuits' >2 Nuits<\/option><option value='5 Nuits' >5 Nuits<\/option><option value='7 Nuits' selected='selected'>7 Nuits<\/option><option value='14 Nuits' >14 Nuits<\/option><\/select><\/div><\/li><li id=\"field_4_15\" class=\"gfield gfield--type-select field_sublabel_below gfield--no-description field_description_below field_validation_below gfield_visibility_visible\"  ><label class='gfield_label gform-field-label' for='input_4_15'>Prix maximum par semaine<\/label><div class='ginput_container ginput_container_select'><select name='input_15' id='input_4_15' class='medium gfield_select'     aria-invalid=\"false\" ><option value='Tout les prix' selected='selected'>Tout les prix<\/option><option value='\u20ac 500' >\u20ac 500<\/option><option value='\u20ac 1000' >\u20ac 1000<\/option><option value='\u20ac 1500' >\u20ac 1500<\/option><option value='\u20ac 2000' >\u20ac 2000<\/option><option value='\u20ac 3000 +' >\u20ac 3000 +<\/option><\/select><\/div><\/li><li id=\"field_4_16\" class=\"gfield gfield--type-radio gfield--type-choice gfield_contains_required field_sublabel_below gfield--no-description field_description_below field_validation_below gfield_visibility_visible\"  ><label class='gfield_label gform-field-label' >Morzine Immobilier peut vous envoyer par mail les offres, nouveaut\u00e9s et conseils juridiques<span class=\"gfield_required\"><span class=\"gfield_required gfield_required_asterisk\">*<\/span><\/span><\/label><div class='ginput_container ginput_container_radio'><ul class='gfield_radio' id='input_4_16'>\n\t\t\t<li class='gchoice gchoice_4_16_0'>\n\t\t\t\t<input name='input_16' type='radio' value='Oui' checked='checked' id='choice_4_16_0'    \/>\n\t\t\t\t<label for='choice_4_16_0' id='label_4_16_0' class='gform-field-label gform-field-label--type-inline'>Oui<\/label>\n\t\t\t<\/li>\n\t\t\t<li class='gchoice gchoice_4_16_1'>\n\t\t\t\t<input name='input_16' type='radio' value='Non'  id='choice_4_16_1'    \/>\n\t\t\t\t<label for='choice_4_16_1' id='label_4_16_1' class='gform-field-label gform-field-label--type-inline'>Non<\/label>\n\t\t\t<\/li><\/ul><\/div><\/li><li id=\"field_4_10\" class=\"gfield gfield--type-select field_sublabel_below gfield--no-description field_description_below field_validation_below gfield_visibility_visible\"  ><label class='gfield_label gform-field-label' for='input_4_10'>Choose Language<\/label><div class='ginput_container ginput_container_select'><select name='input_10' id='input_4_10' class='medium gfield_select'     aria-invalid=\"false\" ><option value='English' >English<\/option><option value='Fran\u00e7aise' selected='selected'>Fran\u00e7aise<\/option><\/select><\/div><\/li><li id=\"field_4_19\" class=\"gfield gfield--type-captcha field_sublabel_below gfield--no-description field_description_below field_validation_below gfield_visibility_visible\"  ><label class='gfield_label gform-field-label screen-reader-text' for='input_4_19'><\/label><div id='input_4_19' class='ginput_container ginput_recaptcha' data-sitekey='6LdHwbIUAAAAACCPfpsLofaAb9X-OEGycJ2OtuVw'  data-theme='light' data-tabindex='0'  data-badge=''><\/div><\/li><\/ul><\/div>\n        <div class='gform-footer gform_footer left_label'> <input type='submit' id='gform_submit_button_4' class='gform_button button' onclick='gform.submission.handleButtonClick(this);' data-submission-type='submit' value='Envoyer'  \/> \n            <input type='hidden' class='gform_hidden' name='gform_submission_method' data-js='gform_submission_method_4' value='postback' \/>\n            <input type='hidden' class='gform_hidden' name='gform_theme' data-js='gform_theme_4' id='gform_theme_4' value='legacy' \/>\n            <input type='hidden' class='gform_hidden' name='gform_style_settings' data-js='gform_style_settings_4' id='gform_style_settings_4' value='[]' \/>\n            <input type='hidden' class='gform_hidden' name='is_submit_4' value='1' \/>\n            <input type='hidden' class='gform_hidden' name='gform_submit' value='4' \/>\n            \n            <input type='hidden' class='gform_hidden' name='gform_unique_id' value='' \/>\n            <input type='hidden' class='gform_hidden' name='state_4' value='WyJbXSIsIjViY2Q1NTE0MGNkNWExZjg0ZjU5OWVhZGI0ZDlkZTNhIl0=' \/>\n            <input type='hidden' autocomplete='off' class='gform_hidden' name='gform_target_page_number_4' id='gform_target_page_number_4' value='0' \/>\n            <input type='hidden' autocomplete='off' class='gform_hidden' name='gform_source_page_number_4' id='gform_source_page_number_4' value='1' \/>\n            <input type='hidden' name='gform_field_values' value='' \/>\n            \n        <\/div>\n                        <\/form>\n                        <\/div><script type=\"text\/javascript\">\n\/* <![CDATA[ *\/\n gform.initializeOnLoaded( function() {gformInitSpinner( 4, 'https:\/\/morzine-immo.com\/wp-content\/plugins\/gravityforms\/images\/spinner.svg', true );jQuery('#gform_ajax_frame_4').on('load',function(){var contents = jQuery(this).contents().find('*').html();var is_postback = contents.indexOf('GF_AJAX_POSTBACK') >= 0;if(!is_postback){return;}var form_content = jQuery(this).contents().find('#gform_wrapper_4');var is_confirmation = jQuery(this).contents().find('#gform_confirmation_wrapper_4').length > 0;var is_redirect = contents.indexOf('gformRedirect(){') >= 0;var is_form = form_content.length > 0 && ! is_redirect && ! is_confirmation;var mt = parseInt(jQuery('html').css('margin-top'), 10) + parseInt(jQuery('body').css('margin-top'), 10) + 100;if(is_form){form_content.find('form').css('opacity', 0);jQuery('#gform_wrapper_4').html(form_content.html());if(form_content.hasClass('gform_validation_error')){jQuery('#gform_wrapper_4').addClass('gform_validation_error');} else {jQuery('#gform_wrapper_4').removeClass('gform_validation_error');}setTimeout( function() { \/* delay the scroll by 50 milliseconds to fix a bug in chrome *\/  }, 50 );if(window['gformInitDatepicker']) {gformInitDatepicker();}if(window['gformInitPriceFields']) {gformInitPriceFields();}var current_page = jQuery('#gform_source_page_number_4').val();gformInitSpinner( 4, 'https:\/\/morzine-immo.com\/wp-content\/plugins\/gravityforms\/images\/spinner.svg', true );jQuery(document).trigger('gform_page_loaded', [4, current_page]);window['gf_submitting_4'] = false;}else if(!is_redirect){var confirmation_content = jQuery(this).contents().find('.GF_AJAX_POSTBACK').html();if(!confirmation_content){confirmation_content = contents;}jQuery('#gform_wrapper_4').replaceWith(confirmation_content);jQuery(document).trigger('gform_confirmation_loaded', [4]);window['gf_submitting_4'] = false;wp.a11y.speak(jQuery('#gform_confirmation_message_4').text());}else{jQuery('#gform_4').append(contents);if(window['gformRedirect']) {gformRedirect();}}jQuery(document).trigger(\"gform_pre_post_render\", [{ formId: \"4\", currentPage: \"current_page\", abort: function() { this.preventDefault(); } }]);        if (event && event.defaultPrevented) {                return;        }        const gformWrapperDiv = document.getElementById( \"gform_wrapper_4\" );        if ( gformWrapperDiv ) {            const visibilitySpan = document.createElement( \"span\" );            visibilitySpan.id = \"gform_visibility_test_4\";            gformWrapperDiv.insertAdjacentElement( \"afterend\", visibilitySpan );        }        const visibilityTestDiv = document.getElementById( \"gform_visibility_test_4\" );        let postRenderFired = false;        function triggerPostRender() {            if ( postRenderFired ) {                return;            }            postRenderFired = true;            gform.core.triggerPostRenderEvents( 4, current_page );            if ( visibilityTestDiv ) {                visibilityTestDiv.parentNode.removeChild( visibilityTestDiv );            }        }        function debounce( func, wait, immediate ) {            var timeout;            return function() {                var context = this, args = arguments;                var later = function() {                    timeout = null;                    if ( !immediate ) func.apply( context, args );                };                var callNow = immediate && !timeout;                clearTimeout( timeout );                timeout = setTimeout( later, wait );                if ( callNow ) func.apply( context, args );            };        }        const debouncedTriggerPostRender = debounce( function() {            triggerPostRender();        }, 200 );        if ( visibilityTestDiv && visibilityTestDiv.offsetParent === null ) {            const observer = new MutationObserver( ( mutations ) => {                mutations.forEach( ( mutation ) => {                    if ( mutation.type === 'attributes' && visibilityTestDiv.offsetParent !== null ) {                        debouncedTriggerPostRender();                        observer.disconnect();                    }                });            });            observer.observe( document.body, {                attributes: true,                childList: false,                subtree: true,                attributeFilter: [ 'style', 'class' ],            });        } else {            triggerPostRender();        }    } );} ); \n\/* ]]> *\/\n<\/script>\n\n","protected":false},"excerpt":{"rendered":"","protected":false},"author":7,"featured_media":0,"parent":0,"menu_order":0,"comment_status":"closed","ping_status":"closed","template":"","meta":{"_acf_changed":false,"footnotes":""},"class_list":["post-14775","page","type-page","status-publish","hentry"],"acf":[],"_links":{"self":[{"href":"https:\/\/morzine-immo.com\/fr\/wp-json\/wp\/v2\/pages\/14775","targetHints":{"allow":["GET"]}}],"collection":[{"href":"https:\/\/morzine-immo.com\/fr\/wp-json\/wp\/v2\/pages"}],"about":[{"href":"https:\/\/morzine-immo.com\/fr\/wp-json\/wp\/v2\/types\/page"}],"author":[{"embeddable":true,"href":"https:\/\/morzine-immo.com\/fr\/wp-json\/wp\/v2\/users\/7"}],"replies":[{"embeddable":true,"href":"https:\/\/morzine-immo.com\/fr\/wp-json\/wp\/v2\/comments?post=14775"}],"version-history":[{"count":0,"href":"https:\/\/morzine-immo.com\/fr\/wp-json\/wp\/v2\/pages\/14775\/revisions"}],"wp:attachment":[{"href":"https:\/\/morzine-immo.com\/fr\/wp-json\/wp\/v2\/media?parent=14775"}],"curies":[{"name":"wp","href":"https:\/\/api.w.org\/{rel}","templated":true}]}}