{"id":10678,"date":"2014-07-04T15:03:33","date_gmt":"2014-07-04T15:03:33","guid":{"rendered":"http:\/\/www.morzine-immo.com\/?page_id=10678"},"modified":"2019-10-09T13:50:35","modified_gmt":"2019-10-09T13:50:35","slug":"a-propos-de-nous","status":"publish","type":"page","link":"https:\/\/morzine-immo.com\/fr\/a-propos-de-nous\/","title":{"rendered":"A propos de Nous"},"content":{"rendered":"<p><iframe loading=\"lazy\" src=\"\/\/player.vimeo.com\/video\/49965478\" width=\"100%\" height=\"400px\" frameborder=\"0\" allowfullscreen=\"allowfullscreen\"><\/iframe><\/p>\n<p class=\"p1\">Morzine immobilier a \u00e9t\u00e9 cr\u00e9\u00e9e en 1986 et b\u00e9n\u00e9ficie de plus de 25 ann\u00e9es d\u2019exp\u00e9rience sur le secteur. Nous entretenons une r\u00e9elle proximit\u00e9 avec tous les acteurs de notre m\u00e9tier comme les \u00e9lus municipaux, les commer\u00e7ants, les propri\u00e9taires fonciers, les banques, les comptables, les architectes, les g\u00e9om\u00e8tres\u2026<\/p>\n<p class=\"p1\">Nous sommes sp\u00e9cialis\u00e9s dans l\u2019immobilier r\u00e9sidentiel sur le secteur du Chablais et de Morzine vous apportant ainsi un service complet avant, pendant et apr\u00e8s une transaction de chalets, appartements, terrains \u00e0 b\u00e2tir, projets neufs, projets de r\u00e9novation\u2026<\/p>\n<p class=\"p1\">Nous avons aussi une r\u00e9elle exp\u00e9rience sur l\u2019immobilier commercial et sommes dispos\u00e9s \u00e0 vous guider et vous assister dans le cadre de la transaction et de la gestion des murs commerciaux et des fonds de commerce.<\/p>\n<p class=\"p2\"><i>Ces connaissances nous permettent de vous proposer des conseils pr\u00e9cis afin de prendre les bonnes d\u00e9cisions dans le cadre de la gestion de votre patrimoine.<\/i><\/p>\n<p class=\"p3\">Nous nous concentrons sur notre secteur historique afin de vous guider au mieux dans vos d\u00e9marches en combinant notre exp\u00e9rience acquise depuis de nombreuses ann\u00e9es et nos comp\u00e9tences juridiques d\u00e9passant ainsi la simple profession d\u2019agent immobilier.<\/p>\n<p class=\"p3\">Nous sommes comp\u00e9tents en droit britannique et en droit fran\u00e7ais ce qui est un r\u00e9el atout sur le secteur. En effet, nous sommes titulaires en France du Master en droit de l\u2019immobilier et de l\u2019urbanisme ainsi que d\u2019un dipl\u00f4me d\u2019expert immobilier et en Angleterre d\u2019un dipl\u00f4me d\u2019expert RICS appel\u00e9 couramment \u201cChartered surveyor\u201d.<\/p>\n<p><strong>S\u00e9bastien Michaud<\/strong><\/p>\n<p class=\"p1\">S\u00e9bastien est issu de la deuxi\u00e8me g\u00e9n\u00e9ration de Morzine immobilier. \u00c9tant originaire de Morzine, il a une parfaite connaissance du march\u00e9 local et un r\u00e9seau important dans le secteur.<\/p>\n<p class=\"p1\">Titulaire d\u2019un master en droit immobilier et urbanisme \u00e0 Paris et revenu \u00e0 Morzine Immobilier pour travailler, il a \u00e9t\u00e9 nomm\u00e9 Expert Immobilier FNAIM en 2010.<\/p>\n<p class=\"p1\">Sur le secteur de Morzine, il a travaill\u00e9 sur plusieurs projets immobiliers ces derni\u00e8res ann\u00e9es et peut vous conseiller sur tout type d\u2019investissement (habitation, commercial, construction\u2026).<\/p>\n<p><strong>Paul Watts<\/strong><\/p>\n<p class=\"p1\">Ayant travaill\u00e9 de nombreuses ann\u00e9es dans l\u2019immobilier \u00e0 Londres, Paul vit depuis 8\u00a0ans sur le secteur et a d\u00e9cid\u00e9 d\u2019apporter son exp\u00e9rience et son expertise dans les Alpes.<\/p>\n<p class=\"p1\">Apr\u00e8s avoir \u00e9tudi\u00e9 l\u2019immobilier \u00e0 l\u2019universit\u00e9, il est devenu expert immobilier britannique (chartered surveyor).<\/p>\n<p class=\"p1\">B\u00e9n\u00e9ficiant d\u2019une exp\u00e9rience de plus de 17 ans dans le secteur de l\u2019investissement dans le domaine r\u00e9sidentiel et commercial en Angleterre, il est dispos\u00e9 \u00e0 conseiller de la meilleure des mani\u00e8res notre client\u00e8le internationale.<\/p>\n<p><strong>Elodie Michaud<\/strong><\/p>\n<p class=\"p1\">Elodie est aussi issue de la deuxi\u00e8me g\u00e9n\u00e9ration de Morzine Immobilier.<\/p>\n<p class=\"p1\">Travaillant \u00e0 l\u2019agence depuis 6 ans, elle a cr\u00e9\u00e9 un important portefeuille de locations et couvre ainsi tous les secteurs du domaine locatif de la location de vacances \u00e0 la location \u00e0 l\u2019ann\u00e9e.<\/p>\n<p class=\"p1\">Gr\u00e2ce \u00e0 sa connaissance du march\u00e9, elle est \u00e0 m\u00eame de vous conseiller sur tous les aspects de rentabilit\u00e9 locative lors de l\u2019acquisition ou de la gestion de votre propri\u00e9t\u00e9. Si vous \u00eates d\u00e9j\u00e0 propri\u00e9taire, elle se fera un plaisir de discuter du potentiel locatif de votre bien.<\/p>\n","protected":false},"excerpt":{"rendered":"Morzine immobilier a \u00e9t\u00e9 cr\u00e9\u00e9e en 1986 et b\u00e9n\u00e9ficie de plus de 25 ann\u00e9es d\u2019exp\u00e9rience sur le secteur. Nous entretenons une r\u00e9elle proximit\u00e9 avec tous les acteurs de notre m\u00e9tier comme les \u00e9lus municipaux, les commer\u00e7ants, les propri\u00e9taires fonciers, les banques, les comptables, les architectes, les g\u00e9om\u00e8tres\u2026 Nous sommes sp\u00e9cialis\u00e9s dans l\u2019immobilier r\u00e9sidentiel sur le&#8230;","protected":false},"author":7,"featured_media":0,"parent":0,"menu_order":0,"comment_status":"closed","ping_status":"closed","template":"","meta":{"_acf_changed":false,"footnotes":""},"class_list":["post-10678","page","type-page","status-publish","hentry"],"acf":[],"_links":{"self":[{"href":"https:\/\/morzine-immo.com\/fr\/wp-json\/wp\/v2\/pages\/10678","targetHints":{"allow":["GET"]}}],"collection":[{"href":"https:\/\/morzine-immo.com\/fr\/wp-json\/wp\/v2\/pages"}],"about":[{"href":"https:\/\/morzine-immo.com\/fr\/wp-json\/wp\/v2\/types\/page"}],"author":[{"embeddable":true,"href":"https:\/\/morzine-immo.com\/fr\/wp-json\/wp\/v2\/users\/7"}],"replies":[{"embeddable":true,"href":"https:\/\/morzine-immo.com\/fr\/wp-json\/wp\/v2\/comments?post=10678"}],"version-history":[{"count":0,"href":"https:\/\/morzine-immo.com\/fr\/wp-json\/wp\/v2\/pages\/10678\/revisions"}],"wp:attachment":[{"href":"https:\/\/morzine-immo.com\/fr\/wp-json\/wp\/v2\/media?parent=10678"}],"curies":[{"name":"wp","href":"https:\/\/api.w.org\/{rel}","templated":true}]}}