{"id":10666,"date":"2014-07-03T17:04:39","date_gmt":"2014-07-03T17:04:39","guid":{"rendered":"http:\/\/www.morzine-immo.com\/?page_id=10666"},"modified":"2019-10-09T12:36:49","modified_gmt":"2019-10-09T12:36:49","slug":"commerces","status":"publish","type":"page","link":"https:\/\/morzine-immo.com\/fr\/commerces\/","title":{"rendered":"Commerces"},"content":{"rendered":"<p>Morzine immobilier n\u2019est pas simplement sp\u00e9cialis\u00e9 dans l\u2019immobilier r\u00e9sidentiel. En effet, nous couvrons aussi le secteur de l\u2019immobilier d\u2019entreprise \u00e0 savoir :<\/p>\n<ul>\n<li>Achats et ventes d\u2019h\u00f4tels et de chalets exploit\u00e9s en para h\u00f4tellerie :<br \/>\nCette comp\u00e9tence inclue un large panel de locations de chalets pour les soci\u00e9t\u00e9s souhaitant d\u00e9marrer une activit\u00e9 de para h\u00f4tellerie<\/li>\n<li>Ventes et locations de murs commerciaux (boutiques, h\u00f4tels, restaurants, bureaux) sur le secteur de Morzine et ses environs ainsi que la vente de fonds de commerce.<\/li>\n<\/ul>\n<p>Nous avons actuellement plusieurs commerces \u00e0 vendre et pouvons vous transmettre toutes les informations sur demande car nous r\u00e9alisons une diffusion plus cibl\u00e9e pour ce type de biens, en raison de la confidentialit\u00e9 des informations transmises.<\/p>\n<p>Nous sommes bien s\u00fbr \u00e0 l\u2019\u00e9coute de vos projets afin de trouver la meilleure opportunit\u00e9 de d\u00e9marrer ou d\u00e9velopper votre activit\u00e9.<\/p>\n","protected":false},"excerpt":{"rendered":"Morzine immobilier n\u2019est pas simplement sp\u00e9cialis\u00e9 dans l\u2019immobilier r\u00e9sidentiel. En effet, nous couvrons aussi le secteur de l\u2019immobilier d\u2019entreprise \u00e0 savoir : Achats et ventes d\u2019h\u00f4tels et de chalets exploit\u00e9s en para h\u00f4tellerie : Cette comp\u00e9tence inclue un large panel de locations de chalets pour les soci\u00e9t\u00e9s souhaitant d\u00e9marrer une activit\u00e9 de para h\u00f4tellerie Ventes&#8230;","protected":false},"author":7,"featured_media":0,"parent":0,"menu_order":0,"comment_status":"closed","ping_status":"closed","template":"","meta":{"_acf_changed":false,"footnotes":""},"class_list":["post-10666","page","type-page","status-publish","hentry"],"acf":[],"_links":{"self":[{"href":"https:\/\/morzine-immo.com\/fr\/wp-json\/wp\/v2\/pages\/10666","targetHints":{"allow":["GET"]}}],"collection":[{"href":"https:\/\/morzine-immo.com\/fr\/wp-json\/wp\/v2\/pages"}],"about":[{"href":"https:\/\/morzine-immo.com\/fr\/wp-json\/wp\/v2\/types\/page"}],"author":[{"embeddable":true,"href":"https:\/\/morzine-immo.com\/fr\/wp-json\/wp\/v2\/users\/7"}],"replies":[{"embeddable":true,"href":"https:\/\/morzine-immo.com\/fr\/wp-json\/wp\/v2\/comments?post=10666"}],"version-history":[{"count":0,"href":"https:\/\/morzine-immo.com\/fr\/wp-json\/wp\/v2\/pages\/10666\/revisions"}],"wp:attachment":[{"href":"https:\/\/morzine-immo.com\/fr\/wp-json\/wp\/v2\/media?parent=10666"}],"curies":[{"name":"wp","href":"https:\/\/api.w.org\/{rel}","templated":true}]}}