{"id":10664,"date":"2014-07-03T17:03:43","date_gmt":"2014-07-03T17:03:43","guid":{"rendered":"http:\/\/www.morzine-immo.com\/?page_id=10664"},"modified":"2019-10-09T13:07:45","modified_gmt":"2019-10-09T13:07:45","slug":"gestion-de-votre-propriete","status":"publish","type":"page","link":"https:\/\/morzine-immo.com\/fr\/gestion-de-votre-propriete\/","title":{"rendered":"Gestion De Votre Propri\u00e9t\u00e9"},"content":{"rendered":"<p>Nous offrons depuis quelques ann\u00e9es un service complet de locations de vacances mais aussi des locations saisonni\u00e8res et des locations annuelles en accord avec les attentes des propri\u00e9taires.<\/p>\n<p>Le potentiel locatif dans le secteur est tr\u00e8s int\u00e9ressant et nous vous conseillons sur tous les aspects de la rentabilit\u00e9 locative en fonction de vos attentes (paiement des charges par les locations, rentabilit\u00e9 maximale\u2026). Nous vous fournissons bien s\u00fbr tout type d\u2019\u00e9valuation locative sur le secteur afin d\u2019optimiser au mieux votre investissement.<\/p>\n<blockquote><p>Notre ambition : \u00e9tablir avec vous une relation de confiance bas\u00e9e sur votre s\u00e9curit\u00e9, votre confort et au mieux de votre int\u00e9r\u00eat.<\/p><\/blockquote>\n<p><strong><span style=\"font-size: medium;\">1)\u00a0 <span style=\"text-decoration: underline;\">Locations de vacances\u00a0:<\/span><\/span><\/strong><\/p>\n<p>Notre service locations de vacances vous permettra d\u2019obtenir une rentabilit\u00e9 optimale sans aucune contrainte ni effort de votre part.<\/p>\n<p>Nous nous chargeons de tout \u00e0 savoir\u00a0:<\/p>\n<p>&#8211;\u00a0\u00a0\u00a0\u00a0\u00a0\u00a0\u00a0\u00a0\u00a0 M\u00e9nage<\/p>\n<p>&#8211;\u00a0\u00a0\u00a0\u00a0\u00a0\u00a0\u00a0\u00a0\u00a0 Caution<\/p>\n<p>&#8211;\u00a0\u00a0\u00a0\u00a0\u00a0\u00a0\u00a0\u00a0\u00a0 Inventaire<\/p>\n<p>&#8211;\u00a0\u00a0\u00a0\u00a0\u00a0\u00a0\u00a0\u00a0\u00a0 Accompagnement des locataires<\/p>\n<p>&#8211;\u00a0\u00a0\u00a0\u00a0\u00a0\u00a0\u00a0\u00a0\u00a0 Petites r\u00e9parations<\/p>\n<p>&#8211;\u00a0\u00a0\u00a0\u00a0\u00a0\u00a0\u00a0\u00a0\u00a0 Travaux avec votre accord<\/p>\n<p>&#8211;\u00a0\u00a0\u00a0\u00a0\u00a0\u00a0\u00a0\u00a0\u00a0 Paiement des loyers sur votre compte<\/p>\n<p><strong><span style=\"font-size: medium;\">2) Location annuelle\u00a0:<\/span><\/strong><\/p>\n<p>Les 3 avantages de la gestion annuelle locative :<br \/>\n&#8211; la s\u00e9curit\u00e9<br \/>\n&#8211; le confort<br \/>\n&#8211; l&rsquo;assurance de la meilleure rentabilit\u00e9<\/p>\n<p><strong>La s\u00e9curit\u00e9<\/strong><\/p>\n<p>&#8211;\u00a0 \u00a0 \u00a0 \u00a0 \u00a0 accompagnement syst\u00e9matique des candidats locataires<\/p>\n<p>&#8211;\u00a0 \u00a0 \u00a0 \u00a0 \u00a0 recherche et s\u00e9lection des candidats les plus fiables<\/p>\n<p>&#8211;\u00a0\u00a0\u00a0\u00a0\u00a0\u00a0\u00a0\u00a0\u00a0 contr\u00f4le rigoureux des \u00e9l\u00e9ments de leurs dossiers<\/p>\n<p>&#8211;\u00a0\u00a0\u00a0\u00a0\u00a0\u00a0\u00a0\u00a0\u00a0 prise de caution solidaire \u00e9ventuelle<\/p>\n<p>&#8211;\u00a0 \u00a0 \u00a0 \u00a0 \u00a0 r\u00e9daction de baux conformes \u00e0 la l\u00e9gislation en vigueur<\/p>\n<p>&#8211;\u00a0\u00a0\u00a0\u00a0\u00a0\u00a0\u00a0\u00a0\u00a0 \u00e9tablissement des \u00e9tats des lieux<\/p>\n<p>&#8211;\u00a0\u00a0\u00a0\u00a0\u00a0\u00a0\u00a0\u00a0\u00a0 contr\u00f4le de l&rsquo;assurance sur le bien lou\u00e9<\/p>\n<p><strong>Le confort<\/strong><br \/>\n&#8211; perception des loyers et des charges, relances et suivi des r\u00e8glements<br \/>\n&#8211; \u00e9tablissement de devis pour travaux \u00e9ventuels<br \/>\n&#8211; information imm\u00e9diate du propri\u00e9taire en cas de d\u00e9part du locataire<br \/>\n&#8211; prise en charge de toutes les d\u00e9marches et reversement des loyers<br \/>\n&#8211; en fin d&rsquo;ann\u00e9e, \u00e9tablissement du document fiscal pour votre d\u00e9claration d&rsquo;imp\u00f4ts<br \/>\n&#8211; paiement et suivi des charges avec les syndics<\/p>\n<p><strong>La rentabilit\u00e9<\/strong><br \/>\n&#8211; suivi rigoureux des formules d&rsquo;indexation<br \/>\n&#8211; r\u00e9cup\u00e9ration aupr\u00e8s du locataire de la taxe sur les ordures m\u00e9nag\u00e8res de l&rsquo;imp\u00f4t foncier<br \/>\n&#8211; aide \u00e0 la d\u00e9claration fiscale<br \/>\n&#8211; r\u00e9gularisation et ajustement des charges<br \/>\n&#8211; optimisation des loyers<\/p>\n<p><strong><span style=\"font-size: medium;\">3 <span style=\"text-decoration: underline;\">Autres services:<\/span><\/span><\/strong><\/p>\n<p>Nous offrons \u00e9galement \u00e0 nos clients et locataires la possibilit\u00e9 de r\u00e9server \u00e0 leur place les forfaits de skis mais \u00e9galement les transports de l\u2019a\u00e9roport de Gen\u00e8ve jusqu\u2019\u00e0 la station, la r\u00e9servation de l\u2019\u00e9quipement de skis\u2026.. et tout cela \u00e0 des tarifs pr\u00e9f\u00e9rentiels n\u00e9goci\u00e9s par nos soins.<\/p>\n<p>Nous pouvons \u00e9galement vous assister dans votre projet de construction de chalets neufs ou de r\u00e9novation par la mise en relation avec des entreprises renomm\u00e9es et s\u00e9rieuses sur le secteur en rapport avec votre budget.<\/p>\n<p>N\u2019h\u00e9sitez pas \u00e0 nous contacter pour toutes demandes ou conseils dans la gestion quotidienne de votre bien.<\/p>\n","protected":false},"excerpt":{"rendered":"Nous offrons depuis quelques ann\u00e9es un service complet de locations de vacances mais aussi des locations saisonni\u00e8res et des locations annuelles en accord avec les attentes des propri\u00e9taires. Le potentiel locatif dans le secteur est tr\u00e8s int\u00e9ressant et nous vous conseillons sur tous les aspects de la rentabilit\u00e9 locative en fonction de vos attentes (paiement&#8230;","protected":false},"author":7,"featured_media":0,"parent":0,"menu_order":0,"comment_status":"closed","ping_status":"closed","template":"","meta":{"_acf_changed":false,"footnotes":""},"class_list":["post-10664","page","type-page","status-publish","hentry"],"acf":[],"_links":{"self":[{"href":"https:\/\/morzine-immo.com\/fr\/wp-json\/wp\/v2\/pages\/10664","targetHints":{"allow":["GET"]}}],"collection":[{"href":"https:\/\/morzine-immo.com\/fr\/wp-json\/wp\/v2\/pages"}],"about":[{"href":"https:\/\/morzine-immo.com\/fr\/wp-json\/wp\/v2\/types\/page"}],"author":[{"embeddable":true,"href":"https:\/\/morzine-immo.com\/fr\/wp-json\/wp\/v2\/users\/7"}],"replies":[{"embeddable":true,"href":"https:\/\/morzine-immo.com\/fr\/wp-json\/wp\/v2\/comments?post=10664"}],"version-history":[{"count":0,"href":"https:\/\/morzine-immo.com\/fr\/wp-json\/wp\/v2\/pages\/10664\/revisions"}],"wp:attachment":[{"href":"https:\/\/morzine-immo.com\/fr\/wp-json\/wp\/v2\/media?parent=10664"}],"curies":[{"name":"wp","href":"https:\/\/api.w.org\/{rel}","templated":true}]}}