{"id":10662,"date":"2014-07-03T17:02:21","date_gmt":"2014-07-03T17:02:21","guid":{"rendered":"http:\/\/www.morzine-immo.com\/?page_id=10662"},"modified":"2019-10-09T13:16:46","modified_gmt":"2019-10-09T13:16:46","slug":"guide-de-la-region-portes-du-soleil","status":"publish","type":"page","link":"https:\/\/morzine-immo.com\/fr\/guide-de-la-region-portes-du-soleil\/","title":{"rendered":"Guide de la r\u00e9gion &#8211; Portes du Soleil"},"content":{"rendered":"<p><img loading=\"lazy\" decoding=\"async\" class=\"alignnone wp-image-431044 size-full\" src=\"http:\/\/www.morzine-immo.com\/wp-content\/uploads\/2016\/07\/port.jpg\" alt=\"port\" width=\"700\" height=\"350\" \/><\/p>\n<p>L\u2019un des points forts de ce domaine est sa proximit\u00e9 avec l\u2019a\u00e9roport de Gen\u00e8ve (environ une heure de route).<\/p>\n<p>A Morzine Immobilier, nous nous concentrons sur les villes\/villages fran\u00e7ais situ\u00e9s autour de Morzine et Les Gets. Nous savons qu\u2019en se concentrant sur une plus petite partie du domaine, nous vous aiguillerons de mani\u00e8re in\u00e9galable.<\/p>\n<p>Nous avons list\u00e9 s\u00e9par\u00e9ment chacune des villes qui nous int\u00e9ressent pour avoir une id\u00e9e plus pr\u00e9cise et d\u00e9taill\u00e9e de ce qu\u2019elles ont \u00e0 offrir. Avant la description d\u00e9taill\u00e9e de chaque village, proc\u00e9dons \u00e0 une vue d\u2019ensemble du domaine complet.<\/p>\n<h3><strong><span style=\"font-size: medium;\">Hiver \u2013 (<em>plan des pistes<\/em>)<\/span><\/strong><\/h3>\n<ul>\n<li>650 km de pistes \u2013 plus grand domaine skiable du monde accessible avec un seul forfait<\/li>\n<li>210 remont\u00e9es m\u00e9caniques<\/li>\n<li>10 snow parks<\/li>\n<li>Pr\u00e8s de 700 canons \u00e0 neige assurant le retour \u00e0 la station skis aux pieds<\/li>\n<li>90 restaurants d\u2019altitude<\/li>\n<\/ul>\n<p>Et si vous n\u2019appr\u00e9ciez pas sp\u00e9cialement le ski ou le snowboard, vous pouvez toujours vous essayer de nombreux autres sports, tels que le patin \u00e0 glace, le ski de fond, la marche en raquettes, la plong\u00e9e sous la glace, l\u2019escalade sur glace, le parapente, les courses de chiens de tra\u00eeneaux ou bien tout simplement boire un bon vin chaud en regardant les autres s\u2019adonner \u00e0 toutes ces activit\u00e9s.<\/p>\n<h3><strong><span style=\"font-size: medium;\">Et\u00e9 <em>\u2013 (plan des chemins de randonn\u00e9es\/VTT)<\/em><\/span><\/strong><\/h3>\n<ul>\n<li>Une des destinations les plus populaires en Europe pour les amateurs de VTT<\/li>\n<li>600 km de pistes de VTT<\/li>\n<li>5 \u00ab\u00a0bike parks\u00a0\u00bb<\/li>\n<li>800 km de chemins de randonn\u00e9e<\/li>\n<li>10 lacs alpins<\/li>\n<li>2 terrains de golf (Les Gets 18 trous et Avoriaz 9 trous)<\/li>\n<li>Le Fantasticable (C\u00e2ble reliant et surplombant deux vall\u00e9es) pour les fous d\u2019adr\u00e9naline pure<\/li>\n<li>Des cols fabuleux comme le \u00ab\u00a0Joux Plane\u00a0\u00bb accueillant souvent le Tour de France pour les amoureux du cyclisme sur route<\/li>\n<li>Des parcs d\u2019aventures pour les enfants, l\u2019\u00e9quitation, le parapente, l\u2019escalade, le kayak, le rafting, la p\u00eache, la natation et bien d\u2019autres activit\u00e9s.<\/li>\n<li>Le Multi Pass, permettant \u00e0 moindre co\u00fbt de profiter des activit\u00e9s du domaine Franco-Suisse.<\/li>\n<\/ul>\n<p>Un parc aquatique novateur \u00e0 Avoriaz, avec une atmosph\u00e8re tropicale. (voir les articles pour plus de d\u00e9tails)<\/p>\n<p>Un des atouts majeurs du domaine est sa proximit\u00e9 avec le lac de L\u00e9man, situ\u00e9 \u00e0 seulement 30 minutes de route. Cela vous ouvre tout un nouveau territoire \u00e0 explorer\u00a0avec\u00a0:<\/p>\n<ul>\n<li>De nombreux sports aquatiques praticables sur le lac<\/li>\n<li>La natation dans un des complexes aquatiques ext\u00e9rieurs<\/li>\n<li>La plage d\u2019Excenevex<\/li>\n<li>Yvoire, ses ruelles historiques, ses magasins et ses restaurants en front de lac<strong>\u00a0<\/strong><\/li>\n<li>La relaxation dans l&rsquo;un des spas de Thonon ou Evian<\/li>\n<li>Le casino d\u2019Evian<\/li>\n<\/ul>\n<p>&nbsp;<\/p>\n<p><strong><span style=\"font-size: medium;\">Les \u00e9coles<\/span><\/strong><\/p>\n<p>Il y a plusieurs \u00e9coles maternelles et primaires dans toutes les villes principales (Les Gets, Morzine, Chatel, Saint Jean d\u2019Aulps). Le plus grand coll\u00e8ge est \u00e0 St Jean d\u2019Aulps. Il y a d\u2019autres \u00e9coles \u00e0 Thonon. Il y a de nombreux bus scolaires qui proposent des ramassages pour toute la r\u00e9gion de St Jean d\u2019Aulps. La majorit\u00e9 des anglais install\u00e9s dans la r\u00e9gion consid\u00e8rent le syst\u00e8me scolaire fran\u00e7ais comme \u00e9tant exemplaire. Les heures de cours au coll\u00e8ge s\u2019\u00e9tendent de 8 heures \u00e0 16h, le mercredi \u00e9tant d\u00e9di\u00e9 au sport.<\/p>\n<p><strong><span style=\"font-size: medium;\">Le transport<\/span><\/strong><\/p>\n<p>Voyager \u00e0 Morzine et ses environs ne peut \u00eatre plus facile. L\u2019a\u00e9roport de Gen\u00e8ve est situ\u00e9 \u00e0 seulement 1 heure de voiture.<\/p>\n<p>Si vous n\u2019avez pas de voiture, il existe de nombreuses compagnies de transferts proposant les trajets vers l\u00a0\u2018a\u00e9roport. Avec l\u2019augmentation du nombre de compagnies, ce moyen de transport est devenu efficace et abordable financi\u00e8rement.<\/p>\n<p>Il y a \u00e9galement un r\u00e9seau de bus mais le voyage en car est en g\u00e9n\u00e9ral plus long que le transfert en minibus offert par les compagnies priv\u00e9es.<\/p>\n<p>Une fois \u00e0 Morzine, il y a un r\u00e9seau de navettes desservant les diff\u00e9rents secteurs de la station et ses environs. Ce service est gratuit et permet de lier les remont\u00e9es m\u00e9caniques au reste de la ville. Pour les villes environnantes, il y a aussi des bus, nomm\u00e9s Balad&rsquo;Aulps, d\u00e9servant Morzine, Les Gets, Montriond, Essert Rommand, St Jean d&rsquo;Aulps, le Bas Thex et Le Biot. Chaque voyage co\u00fbte seulement 1,50 euro.<\/p>\n<p>Il y a \u00e9galement de nombreuses compagnies de taxi priv\u00e9es.<\/p>\n","protected":false},"excerpt":{"rendered":"L\u2019un des points forts de ce domaine est sa proximit\u00e9 avec l\u2019a\u00e9roport de Gen\u00e8ve (environ une heure de route). A Morzine Immobilier, nous nous concentrons sur les villes\/villages fran\u00e7ais situ\u00e9s autour de Morzine et Les Gets. Nous savons qu\u2019en se concentrant sur une plus petite partie du domaine, nous vous aiguillerons de mani\u00e8re in\u00e9galable. Nous&#8230;","protected":false},"author":7,"featured_media":0,"parent":0,"menu_order":0,"comment_status":"closed","ping_status":"closed","template":"","meta":{"_acf_changed":false,"footnotes":""},"class_list":["post-10662","page","type-page","status-publish","hentry"],"acf":[],"_links":{"self":[{"href":"https:\/\/morzine-immo.com\/fr\/wp-json\/wp\/v2\/pages\/10662","targetHints":{"allow":["GET"]}}],"collection":[{"href":"https:\/\/morzine-immo.com\/fr\/wp-json\/wp\/v2\/pages"}],"about":[{"href":"https:\/\/morzine-immo.com\/fr\/wp-json\/wp\/v2\/types\/page"}],"author":[{"embeddable":true,"href":"https:\/\/morzine-immo.com\/fr\/wp-json\/wp\/v2\/users\/7"}],"replies":[{"embeddable":true,"href":"https:\/\/morzine-immo.com\/fr\/wp-json\/wp\/v2\/comments?post=10662"}],"version-history":[{"count":0,"href":"https:\/\/morzine-immo.com\/fr\/wp-json\/wp\/v2\/pages\/10662\/revisions"}],"wp:attachment":[{"href":"https:\/\/morzine-immo.com\/fr\/wp-json\/wp\/v2\/media?parent=10662"}],"curies":[{"name":"wp","href":"https:\/\/api.w.org\/{rel}","templated":true}]}}