{"id":10660,"date":"2014-07-03T17:00:53","date_gmt":"2014-07-03T17:00:53","guid":{"rendered":"http:\/\/www.morzine-immo.com\/?page_id=10660"},"modified":"2019-10-09T12:48:27","modified_gmt":"2019-10-09T12:48:27","slug":"conseils-aux-acheteurs","status":"publish","type":"page","link":"https:\/\/morzine-immo.com\/fr\/conseils-aux-acheteurs\/","title":{"rendered":"Conseils aux acheteurs"},"content":{"rendered":"<p>Morzine immobilier vous guidera tout au long de votre d\u00e9marche, vous conseillant, vous traduisant et vous prot\u00e9geant des \u00e9ventuels pi\u00e8ges avec un service complet pour trouver le bien immobilier de vos r\u00eaves.<\/p>\n<p>Ci-dessous, vous trouverez une liste des \u00e9tapes les plus importantes du\u00a0\u00ab\u00a0processus d\u2019acquisition\u00a0\u00bb de mani\u00e8re \u00e0 ce que vous puissiez vous familiariser avec celui-ci.<\/p>\n<h1>Le processus<\/h1>\n<ul>\n<li><a title=\"Le bien immobilier id\u00e9al\" href=\"http:\/\/www.morzine-immo.com\/fr\/conseils-aux-acheteurs\/le-bien-immobilier-ideal\/\">Le bien immobilier id\u00e9al<\/a><\/li>\n<li><a title=\"L\u2019offre d\u2019achat\" href=\"http:\/\/www.morzine-immo.com\/fr\/conseils-aux-acheteurs\/loffre-dachat\/\">L\u2019offre d\u2019achat<\/a><\/li>\n<li><a title=\"Le notaire\" href=\"http:\/\/www.morzine-immo.com\/fr\/conseils-aux-acheteurs\/le-notaire\/\">Le notaire<\/a><\/li>\n<li><a title=\"Le Compromis de Vente\" href=\"http:\/\/www.morzine-immo.com\/fr\/conseils-aux-acheteurs\/le-compromis-de-vente\/\">Le compromis de vente<\/a><\/li>\n<li><a title=\"D\u00e9lais de r\u00e9tractation de 7 jours\" href=\"https:\/\/morzine-immo.com\/fr\/conseils-aux-acheteurs\/delais-de-retractation-de-10-jours\/\">D\u00e9lai de r\u00e9tractation de 10 jours<\/a><\/li>\n<li><a title=\"Le financement\" href=\"http:\/\/www.morzine-immo.com\/fr\/conseils-aux-acheteurs\/le-financement\/\">Le financement<\/a><\/li>\n<li><a title=\"Expertise de structure et solidit\u00e9 du b\u00e2ti\" href=\"http:\/\/www.morzine-immo.com\/fr\/conseils-aux-acheteurs\/expertise-de-structure-et-solidite-du-bati\/\">Les rapports d\u2019expertise<\/a><\/li>\n<li><a title=\"Acte Authentique de Vente\" href=\"http:\/\/www.morzine-immo.com\/fr\/conseils-aux-acheteurs\/acte-authentique-de-vente\/\">L\u2019acte authentique<\/a><\/li>\n<li><a title=\"Exemples de co\u00fbts et chronologie\" href=\"http:\/\/www.morzine-immo.com\/fr\/conseils-aux-acheteurs\/exemples-de-couts-et-chronologie\/\">Exemple de diff\u00e9rents co\u00fbts et chronologie<\/a>\n<ul>\n<li>R\u00e8glement des co\u00fbts<\/li>\n<li>Assurance<\/li>\n<li>Taxes locales<\/li>\n<\/ul>\n<\/li>\n<\/ul>\n","protected":false},"excerpt":{"rendered":"Morzine immobilier vous guidera tout au long de votre d\u00e9marche, vous conseillant, vous traduisant et vous prot\u00e9geant des \u00e9ventuels pi\u00e8ges avec un service complet pour trouver le bien immobilier de vos r\u00eaves. Ci-dessous, vous trouverez une liste des \u00e9tapes les plus importantes du\u00a0\u00ab\u00a0processus d\u2019acquisition\u00a0\u00bb de mani\u00e8re \u00e0 ce que vous puissiez vous familiariser avec celui-ci&#8230;.","protected":false},"author":7,"featured_media":0,"parent":0,"menu_order":0,"comment_status":"closed","ping_status":"closed","template":"","meta":{"_acf_changed":false,"footnotes":""},"class_list":["post-10660","page","type-page","status-publish","hentry"],"acf":[],"_links":{"self":[{"href":"https:\/\/morzine-immo.com\/fr\/wp-json\/wp\/v2\/pages\/10660","targetHints":{"allow":["GET"]}}],"collection":[{"href":"https:\/\/morzine-immo.com\/fr\/wp-json\/wp\/v2\/pages"}],"about":[{"href":"https:\/\/morzine-immo.com\/fr\/wp-json\/wp\/v2\/types\/page"}],"author":[{"embeddable":true,"href":"https:\/\/morzine-immo.com\/fr\/wp-json\/wp\/v2\/users\/7"}],"replies":[{"embeddable":true,"href":"https:\/\/morzine-immo.com\/fr\/wp-json\/wp\/v2\/comments?post=10660"}],"version-history":[{"count":0,"href":"https:\/\/morzine-immo.com\/fr\/wp-json\/wp\/v2\/pages\/10660\/revisions"}],"wp:attachment":[{"href":"https:\/\/morzine-immo.com\/fr\/wp-json\/wp\/v2\/media?parent=10660"}],"curies":[{"name":"wp","href":"https:\/\/api.w.org\/{rel}","templated":true}]}}