{"id":10658,"date":"2014-07-03T16:58:06","date_gmt":"2014-07-03T16:58:06","guid":{"rendered":"http:\/\/www.morzine-immo.com\/?page_id=10658"},"modified":"2019-10-09T13:47:13","modified_gmt":"2019-10-09T13:47:13","slug":"vendre","status":"publish","type":"page","link":"https:\/\/morzine-immo.com\/fr\/vendre\/","title":{"rendered":"Vendre"},"content":{"rendered":"<p>Dans le souci de satisfaire toujours au mieux ses clients vendeurs, MORZINE IMMOBILIER s\u2019engage aupr\u00e8s de vous.<\/p>\n<blockquote>\n<h6><span style=\"color: #ff0000;\">NOUS NOUS ENGAGEONS VIS-A-VIS DE VOUS SUR DES VALEURS EXIGEANTES<\/span><\/h6>\n<\/blockquote>\n<ul>\n<li>En effectuant une estimation gratuite et sans engagement de votre bien.<\/li>\n<li>En organisant des visites cibl\u00e9es, d\u00e9taill\u00e9es et compl\u00e8tes.<\/li>\n<li>En s&rsquo;effor\u00e7ant d&rsquo;\u00eatre toujours \u00e0 votre \u00e9coute et de vous informer \u00a0rapidement des visites effectu\u00e9es dans votre bien.<\/li>\n<li>En respectant la r\u00e9glementation en vigueur (loi Hoguet pour l&rsquo;obligation de mandat, loi S.R.U. pour le d\u00e9lai de r\u00e9tractation notamment).<\/li>\n<li>En vous \u00e9coutant et en vous conseillant au mieux de vos int\u00e9r\u00eats, du premier contact jusqu&rsquo;\u00e0 la signature chez le notaire.<\/li>\n<li>En proposant un site Internet complet et d\u00e9taill\u00e9, mis \u00e0 jour quotidiennement avec les photographies et informations n\u00e9cessaires.<\/li>\n<li>En proposant \u00e0 nos clients de visiter votre bien soit \u00e0 notre agence, soit via notre site Internet.<\/li>\n<li>En proposant les services compl\u00e9mentaires \u00e0 la transaction aux meilleurs tarifs : diagnostics techniques, am\u00e9nagement, travaux et assurance.<\/li>\n<li>En utilisant tous les supports de communication existants et performants pour promouvoir votre bien. Exemple : Internet, affichage, mailings, d\u00e9pliants, insertions publicitaires.<\/li>\n<li>En \u00e9tant \u00e0 votre \u00e9coute. Prendre en compte vos remarques et conseils afin d&rsquo;\u00e9voluer et de vous satisfaire au mieux.<\/li>\n<\/ul>\n<p><strong>\u00a0<\/strong><\/p>\n<p>La convivialit\u00e9 qui r\u00e9git nos rapports avec nos clients repose sur des engagements pr\u00e9cis : qualit\u00e9 d&rsquo;accueil, capacit\u00e9 d&rsquo;\u00e9coute, transparence dans les n\u00e9gociations, rigueur de gestion de chaque bien immobilier, d\u00e9fense prioritaire de vos int\u00e9r\u00eats.<\/p>\n<p>Nous mettons \u00e0 votre service notre savoir-faire acquis par plus de 20 ans d&rsquo;exp\u00e9rience sur un march\u00e9 que nous connaissons parfaitement.<\/p>\n<p>Le respect du client, la confidentialit\u00e9, la transparence sont pour nous des valeurs prioritaires qui vous garantissent une n\u00e9gociation en toute s\u00e9r\u00e9nit\u00e9.<\/p>\n","protected":false},"excerpt":{"rendered":"Dans le souci de satisfaire toujours au mieux ses clients vendeurs, MORZINE IMMOBILIER s\u2019engage aupr\u00e8s de vous. NOUS NOUS ENGAGEONS VIS-A-VIS DE VOUS SUR DES VALEURS EXIGEANTES En effectuant une estimation gratuite et sans engagement de votre bien. En organisant des visites cibl\u00e9es, d\u00e9taill\u00e9es et compl\u00e8tes. En s&rsquo;effor\u00e7ant d&rsquo;\u00eatre toujours \u00e0 votre \u00e9coute et de&#8230;","protected":false},"author":7,"featured_media":0,"parent":0,"menu_order":0,"comment_status":"closed","ping_status":"closed","template":"","meta":{"_acf_changed":false,"footnotes":""},"class_list":["post-10658","page","type-page","status-publish","hentry"],"acf":[],"_links":{"self":[{"href":"https:\/\/morzine-immo.com\/fr\/wp-json\/wp\/v2\/pages\/10658","targetHints":{"allow":["GET"]}}],"collection":[{"href":"https:\/\/morzine-immo.com\/fr\/wp-json\/wp\/v2\/pages"}],"about":[{"href":"https:\/\/morzine-immo.com\/fr\/wp-json\/wp\/v2\/types\/page"}],"author":[{"embeddable":true,"href":"https:\/\/morzine-immo.com\/fr\/wp-json\/wp\/v2\/users\/7"}],"replies":[{"embeddable":true,"href":"https:\/\/morzine-immo.com\/fr\/wp-json\/wp\/v2\/comments?post=10658"}],"version-history":[{"count":0,"href":"https:\/\/morzine-immo.com\/fr\/wp-json\/wp\/v2\/pages\/10658\/revisions"}],"wp:attachment":[{"href":"https:\/\/morzine-immo.com\/fr\/wp-json\/wp\/v2\/media?parent=10658"}],"curies":[{"name":"wp","href":"https:\/\/api.w.org\/{rel}","templated":true}]}}