{"id":10655,"date":"2014-07-03T15:37:48","date_gmt":"2014-07-03T15:37:48","guid":{"rendered":"http:\/\/www.morzine-immo.com\/?page_id=10655"},"modified":"2016-11-25T18:05:37","modified_gmt":"2016-11-25T18:05:37","slug":"accueil","status":"publish","type":"page","link":"https:\/\/morzine-immo.com\/fr\/","title":{"rendered":"Accueil"},"content":{"rendered":"<h2>A propos de Morzine Immobilier<\/h2>\n<p>Notre agence immobili\u00e8re est sp\u00e9cialis\u00e9e dans la vente et la location de biens en station de ski dans les Alpes fran\u00e7aises, et tout particuli\u00e8rement au c\u0153ur du domaine des Portes du Soleil.<\/p>\n<p>Nous disposons d\u2019un large choix de chalets, appartements, corps de ferme, nouvelles constructions et terrains, \u00e0 vendre ou \u00e0 louer \u00e0 Morzine, Les Gets, Montriond, Saint Jean d\u2019Aulps, Seytroux, Essert Romand, C\u00f4te d\u2019Arbroz et Le Biot.<\/p>\n<p>Nos experts immobiliers sont originaires de France et du Royaume-Uni. Ils sont fiers de vous proposer une expertise de qualit\u00e9, gr\u00e2ce \u00e0 plus de 25 ans d\u2019exp\u00e9rience dans les Alpes et le secteur de la Haute-Savoie.<\/p>\n<p><iframe loading=\"lazy\" src=\"\/\/player.vimeo.com\/video\/49965478\" width=\"100%\" height=\"400px\" frameborder=\"0\" allowfullscreen=\"allowfullscreen\"><\/iframe><\/p>\n","protected":false},"excerpt":{"rendered":"A propos de Morzine Immobilier Notre agence immobili\u00e8re est sp\u00e9cialis\u00e9e dans la vente et la location de biens en station de ski dans les Alpes fran\u00e7aises, et tout particuli\u00e8rement au c\u0153ur du domaine des Portes du Soleil. Nous disposons d\u2019un large choix de chalets, appartements, corps de ferme, nouvelles constructions et terrains, \u00e0 vendre ou&#8230;","protected":false},"author":7,"featured_media":0,"parent":0,"menu_order":0,"comment_status":"closed","ping_status":"closed","template":"","meta":{"_acf_changed":false,"footnotes":""},"class_list":["post-10655","page","type-page","status-publish","hentry"],"acf":[],"_links":{"self":[{"href":"https:\/\/morzine-immo.com\/fr\/wp-json\/wp\/v2\/pages\/10655","targetHints":{"allow":["GET"]}}],"collection":[{"href":"https:\/\/morzine-immo.com\/fr\/wp-json\/wp\/v2\/pages"}],"about":[{"href":"https:\/\/morzine-immo.com\/fr\/wp-json\/wp\/v2\/types\/page"}],"author":[{"embeddable":true,"href":"https:\/\/morzine-immo.com\/fr\/wp-json\/wp\/v2\/users\/7"}],"replies":[{"embeddable":true,"href":"https:\/\/morzine-immo.com\/fr\/wp-json\/wp\/v2\/comments?post=10655"}],"version-history":[{"count":0,"href":"https:\/\/morzine-immo.com\/fr\/wp-json\/wp\/v2\/pages\/10655\/revisions"}],"wp:attachment":[{"href":"https:\/\/morzine-immo.com\/fr\/wp-json\/wp\/v2\/media?parent=10655"}],"curies":[{"name":"wp","href":"https:\/\/api.w.org\/{rel}","templated":true}]}}